{"id":98,"date":"2015-02-26T19:10:03","date_gmt":"2015-02-26T22:10:03","guid":{"rendered":"https:\/\/lmyv.site\/mas\/virungar\/?page_id=98"},"modified":"2024-07-02T14:25:18","modified_gmt":"2024-07-02T17:25:18","slug":"trabajos-cientificos","status":"publish","type":"page","link":"https:\/\/lmyv.site\/mas\/virungar\/trabajos-cientificos\/","title":{"rendered":"Trabajos cient\u00edficos"},"content":{"rendered":"<div class=\"wpb-content-wrapper\"><p>[vc_row row_height_percent=\u00bb0&#8243; override_padding=\u00bbyes\u00bb h_padding=\u00bb5&#8243; top_padding=\u00bb5&#8243; bottom_padding=\u00bb5&#8243; back_color=\u00bbaccent\u00bb overlay_alpha=\u00bb50&#8243; gutter_size=\u00bb3&#8243; column_width_percent=\u00bb100&#8243; shift_y=\u00bb0&#8243; z_index=\u00bb0&#8243; uncode_shortcode_id=\u00bb164245&#8243; back_color_type=\u00bbuncode-palette\u00bb][vc_column column_width_percent=\u00bb100&#8243; gutter_size=\u00bb3&#8243; style=\u00bblight\u00bb font_family=\u00bbfont-165032&#8243; overlay_alpha=\u00bb50&#8243; shift_x=\u00bb0&#8243; shift_y=\u00bb0&#8243; shift_y_down=\u00bb0&#8243; z_index=\u00bb0&#8243; medium_width=\u00bb0&#8243; mobile_width=\u00bb0&#8243; width=\u00bb1\/1&#8243; uncode_shortcode_id=\u00bb843220&#8243;][vc_custom_heading heading_semantic=\u00bbh1&#8243; text_font=\u00bbfont-165032&#8243; text_size=\u00bbh1&#8243; uncode_shortcode_id=\u00bb629611&#8243;]Trabajos cient\u00edficos presentados en congresos y conferencias y participaciones en los \u00faltimos diez a\u00f1os[\/vc_custom_heading][\/vc_column][\/vc_row][vc_row row_height_percent=\u00bb0&#8243; override_padding=\u00bbyes\u00bb h_padding=\u00bb5&#8243; top_padding=\u00bb5&#8243; bottom_padding=\u00bb5&#8243; back_color=\u00bbcolor-xsdn\u00bb overlay_alpha=\u00bb50&#8243; gutter_size=\u00bb3&#8243; column_width_percent=\u00bb100&#8243; shift_y=\u00bb0&#8243; z_index=\u00bb0&#8243; uncode_shortcode_id=\u00bb165708&#8243; back_color_type=\u00bbuncode-palette\u00bb][vc_column column_width_percent=\u00bb100&#8243; gutter_size=\u00bb4&#8243; style=\u00bblight\u00bb font_family=\u00bbfont-165032&#8243; overlay_alpha=\u00bb50&#8243; shift_x=\u00bb0&#8243; shift_y=\u00bb0&#8243; shift_y_down=\u00bb0&#8243; z_index=\u00bb0&#8243; medium_width=\u00bb0&#8243; mobile_width=\u00bb0&#8243; width=\u00bb1\/1&#8243; uncode_shortcode_id=\u00bb115710&#8243;][uncode_index el_id=\u00bbindex-950589-232-433&#8243; index_type=\u00bbcss_grid\u00bb loop=\u00bbsize:All|order_by:date|order:DESC|post_type:post|categories:220|taxonomy_count:10&#8243; grid_items=\u00bb1&#8243; screen_lg_items=\u00bb3&#8243; screen_lg_breakpoint=\u00bb1000&#8243; screen_md_items=\u00bb2&#8243; screen_md_breakpoint=\u00bb600&#8243; screen_sm_items=\u00bb1&#8243; screen_sm_breakpoint=\u00bb480&#8243; filtering=\u00bbajax\u00bb ajax_filters_content_block_id=\u00bb116634&#8243; filters_widgets=\u00bbclosed\u00bb gutter_size_ajax_filters=\u00bb3&#8243; column_size_ajax_filters=\u00bb3&#8243; filtering_menu=\u00bbinside\u00bb gutter_size=\u00bb2&#8243; post_items=\u00bbdate,title,text|full,sep-one|full\u00bb single_overlay_opacity=\u00bb50&#8243; single_padding=\u00bb2&#8243; single_title_family=\u00bbfont-165032&#8243; single_title_dimension=\u00bbh3&#8243; single_title_weight=\u00bb500&#8243; single_title_height=\u00bbfontheight-357766&#8243; single_text_lead=\u00bbyes\u00bb uncode_shortcode_id=\u00bb778109&#8243; el_class=\u00bbno_link\u00bb filter_toggle_hide_text=\u00bbOCULTAR FILTROS\u00bb filter_toggle_show_text=\u00bbMOSTRAR FILTROS\u00bb][\/vc_column][\/vc_row]<\/p>\n<\/div>","protected":false},"excerpt":{"rendered":"<p>[vc_row row_height_percent=\u00bb0&#8243; override_padding=\u00bbyes\u00bb h_padding=\u00bb5&#8243; top_padding=\u00bb5&#8243; bottom_padding=\u00bb5&#8243; back_color=\u00bbaccent\u00bb overlay_alpha=\u00bb50&#8243; gutter_size=\u00bb3&#8243; column_width_percent=\u00bb100&#8243; shift_y=\u00bb0&#8243; z_index=\u00bb0&#8243; uncode_shortcode_id=\u00bb164245&#8243; back_color_type=\u00bbuncode-palette\u00bb][vc_column column_width_percent=\u00bb100&#8243; gutter_size=\u00bb3&#8243; style=\u00bblight\u00bb font_family=\u00bbfont-165032&#8243; overlay_alpha=\u00bb50&#8243; shift_x=\u00bb0&#8243; [&hellip;]<\/p>\n","protected":false},"author":1,"featured_media":0,"parent":0,"menu_order":0,"comment_status":"closed","ping_status":"open","template":"","meta":{"footnotes":""},"class_list":["post-98","page","type-page","status-publish","hentry"],"yoast_head":"<!-- This site is optimized with the Yoast SEO plugin v25.3.1 - https:\/\/yoast.com\/wordpress\/plugins\/seo\/ -->\n<title>Trabajos cient\u00edficos &#8212; Virginia Ungar<\/title>\n<meta name=\"robots\" content=\"index, follow, max-snippet:-1, max-image-preview:large, max-video-preview:-1\" \/>\n<link rel=\"canonical\" href=\"https:\/\/lmyv.site\/mas\/virungar\/trabajos-cientificos\/\" \/>\n<meta property=\"og:locale\" content=\"es_ES\" \/>\n<meta property=\"og:type\" content=\"article\" \/>\n<meta property=\"og:title\" content=\"Trabajos cient\u00edficos &#8212; Virginia Ungar\" \/>\n<meta property=\"og:description\" content=\"[vc_row row_height_percent=\u00bb0&#8243; override_padding=\u00bbyes\u00bb h_padding=\u00bb5&#8243; top_padding=\u00bb5&#8243; bottom_padding=\u00bb5&#8243; back_color=\u00bbaccent\u00bb overlay_alpha=\u00bb50&#8243; gutter_size=\u00bb3&#8243; column_width_percent=\u00bb100&#8243; shift_y=\u00bb0&#8243; z_index=\u00bb0&#8243; uncode_shortcode_id=\u00bb164245&#8243; back_color_type=\u00bbuncode-palette\u00bb][vc_column column_width_percent=\u00bb100&#8243; gutter_size=\u00bb3&#8243; style=\u00bblight\u00bb font_family=\u00bbfont-165032&#8243; overlay_alpha=\u00bb50&#8243; shift_x=\u00bb0&#8243; [&hellip;]\" \/>\n<meta property=\"og:url\" content=\"https:\/\/lmyv.site\/mas\/virungar\/trabajos-cientificos\/\" \/>\n<meta property=\"og:site_name\" content=\"Virginia Ungar\" \/>\n<meta property=\"article:modified_time\" content=\"2024-07-02T17:25:18+00:00\" \/>\n<meta property=\"og:image\" content=\"https:\/\/lmyv.site\/mas\/virungar\/wp-content\/uploads\/HOME.png\" \/>\n\t<meta property=\"og:image:width\" content=\"2880\" \/>\n\t<meta property=\"og:image:height\" content=\"1576\" \/>\n\t<meta property=\"og:image:type\" content=\"image\/png\" \/>\n<meta name=\"twitter:card\" content=\"summary_large_image\" \/>\n<meta name=\"twitter:label1\" content=\"Tiempo de lectura\" \/>\n\t<meta name=\"twitter:data1\" content=\"1 minuto\" \/>\n<script type=\"application\/ld+json\" class=\"yoast-schema-graph\">{\"@context\":\"https:\/\/schema.org\",\"@graph\":[{\"@type\":\"WebPage\",\"@id\":\"https:\/\/lmyv.site\/mas\/virungar\/trabajos-cientificos\/\",\"url\":\"https:\/\/lmyv.site\/mas\/virungar\/trabajos-cientificos\/\",\"name\":\"Trabajos cient\u00edficos &#8212; Virginia Ungar\",\"isPartOf\":{\"@id\":\"https:\/\/lmyv.site\/mas\/virungar\/#website\"},\"datePublished\":\"2015-02-26T22:10:03+00:00\",\"dateModified\":\"2024-07-02T17:25:18+00:00\",\"breadcrumb\":{\"@id\":\"https:\/\/lmyv.site\/mas\/virungar\/trabajos-cientificos\/#breadcrumb\"},\"inLanguage\":\"es\",\"potentialAction\":[{\"@type\":\"ReadAction\",\"target\":[\"https:\/\/lmyv.site\/mas\/virungar\/trabajos-cientificos\/\"]}]},{\"@type\":\"BreadcrumbList\",\"@id\":\"https:\/\/lmyv.site\/mas\/virungar\/trabajos-cientificos\/#breadcrumb\",\"itemListElement\":[{\"@type\":\"ListItem\",\"position\":1,\"name\":\"Portada\",\"item\":\"https:\/\/lmyv.site\/mas\/virungar\/\"},{\"@type\":\"ListItem\",\"position\":2,\"name\":\"Trabajos cient\u00edficos\"}]},{\"@type\":\"WebSite\",\"@id\":\"https:\/\/lmyv.site\/mas\/virungar\/#website\",\"url\":\"https:\/\/lmyv.site\/mas\/virungar\/\",\"name\":\"Virginia Ungar\",\"description\":\"M\u00e9dica Psicoanalista especialista en ni\u00f1os y adolescentes\",\"potentialAction\":[{\"@type\":\"SearchAction\",\"target\":{\"@type\":\"EntryPoint\",\"urlTemplate\":\"https:\/\/lmyv.site\/mas\/virungar\/?s={search_term_string}\"},\"query-input\":{\"@type\":\"PropertyValueSpecification\",\"valueRequired\":true,\"valueName\":\"search_term_string\"}}],\"inLanguage\":\"es\"}]}<\/script>\n<!-- \/ Yoast SEO plugin. -->","yoast_head_json":{"title":"Trabajos cient\u00edficos &#8212; Virginia Ungar","robots":{"index":"index","follow":"follow","max-snippet":"max-snippet:-1","max-image-preview":"max-image-preview:large","max-video-preview":"max-video-preview:-1"},"canonical":"https:\/\/lmyv.site\/mas\/virungar\/trabajos-cientificos\/","og_locale":"es_ES","og_type":"article","og_title":"Trabajos cient\u00edficos &#8212; Virginia Ungar","og_description":"[vc_row row_height_percent=\u00bb0&#8243; override_padding=\u00bbyes\u00bb h_padding=\u00bb5&#8243; top_padding=\u00bb5&#8243; bottom_padding=\u00bb5&#8243; back_color=\u00bbaccent\u00bb overlay_alpha=\u00bb50&#8243; gutter_size=\u00bb3&#8243; column_width_percent=\u00bb100&#8243; shift_y=\u00bb0&#8243; z_index=\u00bb0&#8243; uncode_shortcode_id=\u00bb164245&#8243; back_color_type=\u00bbuncode-palette\u00bb][vc_column column_width_percent=\u00bb100&#8243; gutter_size=\u00bb3&#8243; style=\u00bblight\u00bb font_family=\u00bbfont-165032&#8243; overlay_alpha=\u00bb50&#8243; shift_x=\u00bb0&#8243; [&hellip;]","og_url":"https:\/\/lmyv.site\/mas\/virungar\/trabajos-cientificos\/","og_site_name":"Virginia Ungar","article_modified_time":"2024-07-02T17:25:18+00:00","og_image":[{"width":2880,"height":1576,"url":"https:\/\/lmyv.site\/mas\/virungar\/wp-content\/uploads\/HOME.png","type":"image\/png"}],"twitter_card":"summary_large_image","twitter_misc":{"Tiempo de lectura":"1 minuto"},"schema":{"@context":"https:\/\/schema.org","@graph":[{"@type":"WebPage","@id":"https:\/\/lmyv.site\/mas\/virungar\/trabajos-cientificos\/","url":"https:\/\/lmyv.site\/mas\/virungar\/trabajos-cientificos\/","name":"Trabajos cient\u00edficos &#8212; Virginia Ungar","isPartOf":{"@id":"https:\/\/lmyv.site\/mas\/virungar\/#website"},"datePublished":"2015-02-26T22:10:03+00:00","dateModified":"2024-07-02T17:25:18+00:00","breadcrumb":{"@id":"https:\/\/lmyv.site\/mas\/virungar\/trabajos-cientificos\/#breadcrumb"},"inLanguage":"es","potentialAction":[{"@type":"ReadAction","target":["https:\/\/lmyv.site\/mas\/virungar\/trabajos-cientificos\/"]}]},{"@type":"BreadcrumbList","@id":"https:\/\/lmyv.site\/mas\/virungar\/trabajos-cientificos\/#breadcrumb","itemListElement":[{"@type":"ListItem","position":1,"name":"Portada","item":"https:\/\/lmyv.site\/mas\/virungar\/"},{"@type":"ListItem","position":2,"name":"Trabajos cient\u00edficos"}]},{"@type":"WebSite","@id":"https:\/\/lmyv.site\/mas\/virungar\/#website","url":"https:\/\/lmyv.site\/mas\/virungar\/","name":"Virginia Ungar","description":"M\u00e9dica Psicoanalista especialista en ni\u00f1os y adolescentes","potentialAction":[{"@type":"SearchAction","target":{"@type":"EntryPoint","urlTemplate":"https:\/\/lmyv.site\/mas\/virungar\/?s={search_term_string}"},"query-input":{"@type":"PropertyValueSpecification","valueRequired":true,"valueName":"search_term_string"}}],"inLanguage":"es"}]}},"_links":{"self":[{"href":"https:\/\/lmyv.site\/mas\/virungar\/wp-json\/wp\/v2\/pages\/98","targetHints":{"allow":["GET"]}}],"collection":[{"href":"https:\/\/lmyv.site\/mas\/virungar\/wp-json\/wp\/v2\/pages"}],"about":[{"href":"https:\/\/lmyv.site\/mas\/virungar\/wp-json\/wp\/v2\/types\/page"}],"author":[{"embeddable":true,"href":"https:\/\/lmyv.site\/mas\/virungar\/wp-json\/wp\/v2\/users\/1"}],"replies":[{"embeddable":true,"href":"https:\/\/lmyv.site\/mas\/virungar\/wp-json\/wp\/v2\/comments?post=98"}],"version-history":[{"count":0,"href":"https:\/\/lmyv.site\/mas\/virungar\/wp-json\/wp\/v2\/pages\/98\/revisions"}],"wp:attachment":[{"href":"https:\/\/lmyv.site\/mas\/virungar\/wp-json\/wp\/v2\/media?parent=98"}],"curies":[{"name":"wp","href":"https:\/\/api.w.org\/{rel}","templated":true}]}}