{"id":127122,"date":"2025-02-12T12:23:42","date_gmt":"2025-02-12T15:23:42","guid":{"rendered":"https:\/\/lmyv.site\/mas\/debi\/?page_id=127122"},"modified":"2025-02-12T12:34:20","modified_gmt":"2025-02-12T15:34:20","slug":"bio","status":"publish","type":"page","link":"https:\/\/lmyv.site\/mas\/debi\/bio\/","title":{"rendered":"Bio"},"content":{"rendered":"<div class=\"wpb-content-wrapper\"><p>[vc_row row_height_percent=&#8221;0&#8243; overlay_alpha=&#8221;50&#8243; equal_height=&#8221;yes&#8221; gutter_size=&#8221;3&#8243; column_width_percent=&#8221;100&#8243; shift_y=&#8221;0&#8243; z_index=&#8221;0&#8243; content_parallax=&#8221;0&#8243; uncode_shortcode_id=&#8221;832100&#8243;][vc_column column_width_percent=&#8221;100&#8243; gutter_size=&#8221;3&#8243; expand_height=&#8221;yes&#8221; overlay_alpha=&#8221;50&#8243; shift_x=&#8221;0&#8243; shift_y=&#8221;0&#8243; shift_y_down=&#8221;0&#8243; z_index=&#8221;0&#8243; medium_width=&#8221;0&#8243; mobile_width=&#8221;0&#8243; sticky=&#8221;yes&#8221; width=&#8221;1\/2&#8243; uncode_shortcode_id=&#8221;174868&#8243;][vc_single_image media=&#8221;127131&#8243; media_width_percent=&#8221;100&#8243; uncode_shortcode_id=&#8221;709988&#8243;][\/vc_column][vc_column width=&#8221;1\/2&#8243;][vc_column_text uncode_shortcode_id=&#8221;172804&#8243;]<span style=\"font-weight: 400;\">Debora Pierpaoli nace en Buenos Aires en el a\u00f1o 1979<\/span><b>.\u00a0<\/b><\/p>\n<p><b>Formaci\u00f3n<\/b><span style=\"font-weight: 400;\">: <\/span><\/p>\n<p><span style=\"font-weight: 400;\">En el a\u00f1o 2004 se recibe de Profesora de Pintura en la Escuela Nacional de Bellas Artes Prilidiano Pueyrredon. En el a\u00f1o 2010 es seleccionada para participar del Programa para Artistas de la Universidad Torcuato Di Tella.\u00a0<\/span><\/p>\n<p><b>Distinciones\/Becas\/Publicaciones<\/b><span style=\"font-weight: 400;\">:<\/span><b>\u00a0<\/b><\/p>\n<p><b>2022 \u2013 <\/b><span style=\"font-weight: 400;\">Premio Konex \u2013 Artes del Fugo \u2013 <\/span><b>2021<\/b><span style=\"font-weight: 400;\"> \u2013 Beca de creaci\u00f3n FNA \/ Primer premio Sal\u00f3n Nacional Artes Visuales &#8211;\u00a0 categor\u00eda cer\u00e1mica \u2013<\/span><b> 2020 <\/b><span style=\"font-weight: 400;\">\u2013 Segundo Premio \u2013 Premio de Pintura Banco Central \/<\/span><b> 2019 &#8211; <\/b><span style=\"font-weight: 400;\">Presentaci\u00f3n del libro, D\u00e9bora Pierpaoli 10 a\u00f1os en isla de ediciones, arteba 2019<\/span><\/p>\n<p><b>2016 \u2013 <\/b><span style=\"font-weight: 400;\">Mecenazgo Cultural de la Ciudad de Buenos Aires para la publicaci\u00f3n de un libro de su obra \/<\/span><b> 2015 \u2013 <\/b><span style=\"font-weight: 400;\">Primera Menci\u00f3n \u2013 IV Premio Lucio Fontana \u2013 Consulado de Italia en Argentina \/ Fondo Metropolitano de las Artes \u2013 Ciudad de Buenos Aires\/ <\/span><b>2013 &#8211; <\/b><span style=\"font-weight: 400;\">Primer premio XVII Premio Klemm a las artes visuales \/ Becas Oxenford para visitar la Ciudad de Oaxaca \u2013 M\u00e9xico \/<\/span> <span style=\"font-weight: 400;\">Premio Igualdad Cultural. Secretaria de Cultura de la Naci\u00f3n \/ <\/span><b>2011<\/b><span style=\"font-weight: 400;\"> Beca de Creaci\u00f3n Fondo Nacional de las Artes \/ Menci\u00f3n \u2013 Sal\u00f3n Nacional de Artes Visuales categor\u00eda Nuevos Soportes e Instalaciones \/ Segundo Premio Sal\u00f3n 75\u00b0 Aniversario Asociaci\u00f3n Empresarial de Rosario &#8211; Macro Castagnino Museo Rosario \/\u00a0 <\/span><b>2010 <\/b><span style=\"font-weight: 400;\">Menci\u00f3n\u00a0 XIV Premio Klemm a las artes visuales \/ Menci\u00f3n del Jurado \u2013 <\/span><b>2007<\/b><span style=\"font-weight: 400;\"> Bienal Nacional de Bah\u00eda Blanca\u00a0 &#8211; Museo de Arte Contempor\u00e1neo de Bah\u00eda Blanca \/ <\/span><b>2005<\/b><span style=\"font-weight: 400;\"> Menci\u00f3n &#8211; Premio de Pintura Fundaci\u00f3n E-Com Puerto Rico<\/span><\/p>\n<p><b>Exposiciones Individuales<\/b><span style=\"font-weight: 400;\">:\u00a0<\/span><\/p>\n<p><b>2020 \u2013 <\/b><span style=\"font-weight: 400;\">\u201cMatriz\u201d \u2013 Galer\u00eda Aldo de Sousa<\/span><b> \/ 2015 &#8211; <\/b><span style=\"font-weight: 400;\">\u201cLa Edad de Hierro\u201d<\/span><b> \u2013 <\/b><span style=\"font-weight: 400;\">Fundaci\u00f3n Klemm \/ \u201cEllos Adentro esperan la fuga\u201d Fundaci\u00f3n Osde<\/span><b> 2014<\/b><span style=\"font-weight: 400;\">, \u201cSi existiera\u201d (Museo de Arte Moderno de Buenos Aires)\u00a0 \/ <\/span><b>2012<\/b><span style=\"font-weight: 400;\"> \u201cEscondite y trampa\u201d Galer\u00eda 713 Arte Contempor\u00e1neo \/\u00a0 <\/span><b>2010<\/b><span style=\"font-weight: 400;\"> \u201cEL coraz\u00f3n casi afuera de mi boca\u201d Galer\u00eda 713\u00a0 Arte Contempor\u00e1neo \/ \u201cUn agujero que lo toque todo\u201d- Galer\u00eda Foster Catena, <\/span><b>2009<\/b><span style=\"font-weight: 400;\"> &#8211;\u00a0 \u201cNo te dejare Morir\u201d &#8211; galer\u00eda 713\u00a0 Arte Contempor\u00e1neo <\/span><b>2008<\/b><span style=\"font-weight: 400;\"> &#8211;\u00a0 \u201cRocas blandas, joyas truchas\u201d Galer\u00eda 713\u00a0 Arte Contempor\u00e1neo \/ Oficinas Macaya &amp; Suarez Battan \u2013 <\/span><b>2007<\/b><span style=\"font-weight: 400;\"> &#8211;\u00a0 \u201cNubosidad Variable\u201d Galer\u00eda 713\u00a0 Arte Contempor\u00e1neo \/ <\/span><b>2005<\/b><span style=\"font-weight: 400;\">\u00a0 \u201cPunto\u201d Galer\u00eda Juana de Arco.\u00a0<\/span><\/p>\n<p><b>Exposiciones Colectivas:<\/b><span style=\"font-weight: 400;\">\u00a0<\/span><\/p>\n<p><b>2019<\/b><span style=\"font-weight: 400;\"> \u2013 muestra en tokonoma , junto a Maria Guerrieri<\/span><\/p>\n<p><b>2018<\/b><span style=\"font-weight: 400;\"> \u2013 muestra colectiva en el bucle, Rosario. junto a Maria Guerrieri, Lucrecia Liontti y Mariana Lopez \/ <\/span><b>2017 <\/b><span style=\"font-weight: 400;\">\u2013 Premio Braque 3\u00b0 edici\u00f3n \u2013 Museo de los inmigrantes \/ <\/span><b>2012<\/b><span style=\"font-weight: 400;\"> &#8211; \u201c\u00daltimas Tendencias II\u201d &#8211; Museo de Arte Moderno de Buenos Aires \/ <\/span><b>2011<\/b><span style=\"font-weight: 400;\"> &#8211; \u201c Todos Rom\u00e1nticos\u201d &#8211; Universidad Torcuato Di Tella, \/ \u201cDeseos Mutantes\u201d &#8211; galer\u00eda 713\u00a0 Arte Contempor\u00e1neo \/ Bienal Nacional de Arte Bah\u00eda Blanca 2011\/ <\/span><b>2010<\/b><span style=\"font-weight: 400;\"> \u201cNarrativas Inciertas\u201d &#8211; Museo de Arte Moderno de Buenos Aires \/ <\/span><b>2008<\/b><span style=\"font-weight: 400;\"> CMC \u2013<\/span> <span style=\"font-weight: 400;\">\u201cColecci\u00f3n Metropolitana Contempor\u00e1nea\u201d<\/span><b> \u2013 <\/b><span style=\"font-weight: 400;\">Casa de la Cultura \/ <\/span><b>2007<\/b><span style=\"font-weight: 400;\"> \u201cPower ping pong point\u201d \u2013 Galer\u00eda Crimson \/ \u201cVariaciones de un estado\u201d &#8211; Vitrina, Pasaje Pam \u2013 Rosario \/ La Construcci\u00f3n al Contrario \u2013 MARQ \/ Perif\u00e9rica (2006) \/ Arteba 06 &#8211; 713 Arte Contempor\u00e1neo \/ Soho-Telo-Muestra-Arte transitorio. Exposici\u00f3n Colectiva dentro de un Albergue Transitorio (2006) \/ \u201cPi\u00f1ata, la suerte del hombre de la bolsa, una Muestra incurable\u201d Mar del Plata, Teatro Audit\u00f3rium (2006) \/ \u201cCamping\u201d, 713 Arte Contempor\u00e1neo (2006) \/ Experimento 713 (1) &#8211; 713 Arte Contempor\u00e1neo (2006) Arteba 05 \u2013 Juana de Arco (2005)<\/span>[\/vc_column_text][\/vc_column][\/vc_row]<\/p>\n<\/div>","protected":false},"excerpt":{"rendered":"<p>[vc_row row_height_percent=&#8221;0&#8243; overlay_alpha=&#8221;50&#8243; equal_height=&#8221;yes&#8221; gutter_size=&#8221;3&#8243; column_width_percent=&#8221;100&#8243; shift_y=&#8221;0&#8243; z_index=&#8221;0&#8243; content_parallax=&#8221;0&#8243; uncode_shortcode_id=&#8221;832100&#8243;][vc_column column_width_percent=&#8221;100&#8243; gutter_size=&#8221;3&#8243; expand_height=&#8221;yes&#8221; overlay_alpha=&#8221;50&#8243; shift_x=&#8221;0&#8243; shift_y=&#8221;0&#8243; shift_y_down=&#8221;0&#8243; z_index=&#8221;0&#8243; medium_width=&#8221;0&#8243; mobile_width=&#8221;0&#8243; [&hellip;]<\/p>\n","protected":false},"author":1,"featured_media":0,"parent":0,"menu_order":0,"comment_status":"closed","ping_status":"closed","template":"","meta":{"footnotes":""},"class_list":["post-127122","page","type-page","status-publish","hentry"],"_links":{"self":[{"href":"https:\/\/lmyv.site\/mas\/debi\/wp-json\/wp\/v2\/pages\/127122","targetHints":{"allow":["GET"]}}],"collection":[{"href":"https:\/\/lmyv.site\/mas\/debi\/wp-json\/wp\/v2\/pages"}],"about":[{"href":"https:\/\/lmyv.site\/mas\/debi\/wp-json\/wp\/v2\/types\/page"}],"author":[{"embeddable":true,"href":"https:\/\/lmyv.site\/mas\/debi\/wp-json\/wp\/v2\/users\/1"}],"replies":[{"embeddable":true,"href":"https:\/\/lmyv.site\/mas\/debi\/wp-json\/wp\/v2\/comments?post=127122"}],"version-history":[{"count":0,"href":"https:\/\/lmyv.site\/mas\/debi\/wp-json\/wp\/v2\/pages\/127122\/revisions"}],"wp:attachment":[{"href":"https:\/\/lmyv.site\/mas\/debi\/wp-json\/wp\/v2\/media?parent=127122"}],"curies":[{"name":"wp","href":"https:\/\/api.w.org\/{rel}","templated":true}]}}