{"id":104827,"date":"2022-08-03T20:45:28","date_gmt":"2022-08-03T19:45:28","guid":{"rendered":"https:\/\/lmyv.site\/mas\/chezromyk\/?page_id=104607"},"modified":"2023-01-18T23:27:12","modified_gmt":"2023-01-18T22:27:12","slug":"nach-hause","status":"publish","type":"page","link":"https:\/\/lmyv.site\/mas\/chezromyk\/de\/","title":{"rendered":"Startseite"},"content":{"rendered":"<p>[vc_row row_height_percent=&#8221;20&#8243; override_padding=&#8221;yes&#8221; h_padding=&#8221;0&#8243; top_padding=&#8221;0&#8243; bottom_padding=&#8221;2&#8243; back_color=&#8221;color-prif&#8221; overlay_alpha=&#8221;50&#8243; gutter_size=&#8221;3&#8243; column_width_percent=&#8221;100&#8243; shift_y=&#8221;0&#8243; z_index=&#8221;0&#8243; front_end_with_slider=&#8221;true&#8221; uncode_shortcode_id=&#8221;188697&#8243; back_color_type=&#8221;uncode-palette&#8221; el_class=&#8221;home_search_row&#8221;][vc_column column_width_percent=&#8221;100&#8243; gutter_size=&#8221;0&#8243; override_padding=&#8221;yes&#8221; column_padding=&#8221;0&#8243; overlay_alpha=&#8221;50&#8243; shift_x=&#8221;0&#8243; shift_y=&#8221;0&#8243; shift_y_down=&#8221;0&#8243; z_index=&#8221;0&#8243; medium_width=&#8221;0&#8243; mobile_width=&#8221;0&#8243; width=&#8221;1\/1&#8243; uncode_shortcode_id=&#8221;154463&#8243;][vc_row_inner row_inner_height_percent=&#8221;0&#8243; force_width_grid=&#8221;yes&#8221; overlay_alpha=&#8221;50&#8243; gutter_size=&#8221;3&#8243; shift_y=&#8221;0&#8243; z_index=&#8221;0&#8243; uncode_shortcode_id=&#8221;156830&#8243; el_class=&#8221;octo_sarch_innerV3&#8243; limit_content=&#8221;&#8221;][vc_column_inner column_width_percent=&#8221;80&#8243; position_vertical=&#8221;middle&#8221; align_horizontal=&#8221;align_center&#8221; gutter_size=&#8221;0&#8243; override_padding=&#8221;yes&#8221; column_padding=&#8221;0&#8243; overlay_alpha=&#8221;50&#8243; shift_x=&#8221;0&#8243; shift_y=&#8221;0&#8243; shift_y_down=&#8221;0&#8243; z_index=&#8221;0&#8243; medium_width=&#8221;0&#8243; mobile_width=&#8221;0&#8243; width=&#8221;1\/1&#8243; uncode_shortcode_id=&#8221;197483&#8243;][vc_raw_html]JTNDZGl2JTIwY2xhc3MlM0QlMjJvY3RvX3NlYXJjaF9ob21lJTIyJTNFJTNDc2NyaXB0JTIwdHlwZSUzRCUyMnRleHQlMkZqYXZhc2NyaXB0JTIyJTIwc3JjJTNEJTIyaHR0cHMlM0ElMkYlMkZyZXN4Lm9jdG9yYXRlLmNvbSUyRm9jdG9ib29rJTJGcmVzb3VyY2VzJTJGd2lkZ2V0JTJGanMlMkZmb3JtLmpzJTIyJTIwZGF0YS1zaXRla2V5JTNEJTIyMWFkZmIyYTZmODk2OGFmZjc3MDkyMzQyMGYwOWQyYTMlMjIlM0UlM0MlMkZzY3JpcHQlM0UlM0MlMkZkaXYlM0U=[\/vc_raw_html][\/vc_column_inner][\/vc_row_inner][\/vc_column][\/vc_row][vc_row unlock_row_content=&#8221;yes&#8221; row_height_percent=&#8221;0&#8243; override_padding=&#8221;yes&#8221; h_padding=&#8221;7&#8243; top_padding=&#8221;3&#8243; bottom_padding=&#8221;3&#8243; overlay_alpha=&#8221;50&#8243; gutter_size=&#8221;3&#8243; column_width_percent=&#8221;100&#8243; shift_y=&#8221;0&#8243; z_index=&#8221;0&#8243; bottom_divider=&#8221;step&#8221; uncode_shortcode_id=&#8221;631233&#8243;][vc_column column_width_percent=&#8221;100&#8243; position_vertical=&#8221;middle&#8221; gutter_size=&#8221;2&#8243; overlay_alpha=&#8221;50&#8243; shift_x=&#8221;0&#8243; shift_y=&#8221;0&#8243; shift_y_down=&#8221;0&#8243; z_index=&#8221;0&#8243; medium_width=&#8221;0&#8243; mobile_width=&#8221;0&#8243; width=&#8221;1\/1&#8243; uncode_shortcode_id=&#8221;132418&#8243;][vc_row_inner][vc_column_inner column_width_percent=&#8221;100&#8243; position_vertical=&#8221;middle&#8221; gutter_size=&#8221;3&#8243; back_color=&#8221;color-xsdn&#8221; overlay_alpha=&#8221;50&#8243; border_color=&#8221;accent&#8221; border_style=&#8221;solid&#8221; shift_x=&#8221;4&#8243; shift_y=&#8221;0&#8243; shift_y_down=&#8221;0&#8243; z_index=&#8221;10&#8243; medium_width=&#8221;0&#8243; mobile_width=&#8221;0&#8243; shadow=&#8221;sm&#8221; shadow_darker=&#8221;yes&#8221; width=&#8221;1\/2&#8243; uncode_shortcode_id=&#8221;549777&#8243; back_color_type=&#8221;uncode-palette&#8221; border_color_type=&#8221;uncode-palette&#8221;][vc_custom_heading heading_semantic=&#8221;h3&#8243; text_size=&#8221;fontsize-834651&#8243; uncode_shortcode_id=&#8221;213769&#8243; subheading=&#8221;Seit 2016&#8243;]Unsere Geschichte[\/vc_custom_heading][vc_column_text uncode_shortcode_id=&#8221;157159&#8243;]Die 2016 erbauten ChezRomyK Bed and Breakfast Zimmer bieten komfortable R\u00e4ume zum Entspannen und Arbeiten.<br \/>\nDie M\u00f6bel werden mit besonderer Aufmerksamkeit gepflegt, kombiniert mit einem modernen und raffinierten Design mit sanften und entspannenden Farben, das auf Umweltvertr\u00e4glichkeit und Energieeinsparung ausgelegt ist.<br \/>\nUnser Bed and Breakfast bietet zwei elegante und moderne Doppelzimmer. Sie sind ausgestattet mit WLAN-Internet, Sat-TV, Klimaanlage, eigenem Bad, Schreibtisch mit Sessel, elektrischem Haartrockner und einer engen Fr\u00fchst\u00fccksecke, um Ihren Aufenthalt in der Stadt sowohl f\u00fcr kurze als auch f\u00fcr l\u00e4ngere Zeit angenehm zu gestalten Begriff. Jedes Zimmer ist hell, ger\u00e4umig, m\u00f6bliert und mit allem n\u00f6tigen Komfort ausgestattet.<br \/>\nAlle Zimmer profitieren von der t\u00e4glichen Reinigung und dem Wechsel der Bettw\u00e4sche und Handt\u00fccher alle drei Tage. Das Fr\u00fchst\u00fcck wird im italienischen Stil mit frischen und nahrhaften Zutaten f\u00fcr den Sommer und warm und einladend im Winter serviert. Aus der Tradition von Bed and Breakfasts bieten wir unsere Gastfreundschaft an einem Ort, an dem Sie die Nacht verbringen und morgens eine Mahlzeit einnehmen k\u00f6nnen, durch die Erfahrung einer menschlicheren, herzlicheren und famili\u00e4reren Dimension.[\/vc_column_text][\/vc_column_inner][vc_column_inner column_width_percent=&#8221;100&#8243; position_vertical=&#8221;middle&#8221; gutter_size=&#8221;3&#8243; overlay_alpha=&#8221;50&#8243; shift_x=&#8221;0&#8243; shift_y=&#8221;0&#8243; shift_y_down=&#8221;0&#8243; z_index=&#8221;0&#8243; medium_width=&#8221;0&#8243; mobile_width=&#8221;0&#8243; width=&#8221;1\/2&#8243; uncode_shortcode_id=&#8221;641614&#8243;][vc_single_image media=&#8221;105135&#8243; media_width_percent=&#8221;100&#8243; uncode_shortcode_id=&#8221;495363&#8243;][\/vc_column_inner][\/vc_row_inner][\/vc_column][\/vc_row][vc_row row_height_percent=&#8221;0&#8243; override_padding=&#8221;yes&#8221; h_padding=&#8221;2&#8243; top_padding=&#8221;5&#8243; bottom_padding=&#8221;5&#8243; back_color=&#8221;color-lxmt&#8221; overlay_alpha=&#8221;50&#8243; equal_height=&#8221;yes&#8221; gutter_size=&#8221;4&#8243; column_width_percent=&#8221;100&#8243; shift_y=&#8221;0&#8243; z_index=&#8221;0&#8243; uncode_shortcode_id=&#8221;272603&#8243; back_color_type=&#8221;uncode-palette&#8221;][vc_column column_width_percent=&#8221;100&#8243; position_vertical=&#8221;middle&#8221; align_horizontal=&#8221;align_center&#8221; gutter_size=&#8221;3&#8243; style=&#8221;light&#8221; overlay_alpha=&#8221;50&#8243; shift_x=&#8221;0&#8243; shift_y=&#8221;0&#8243; shift_y_down=&#8221;0&#8243; z_index=&#8221;0&#8243; align_medium=&#8221;align_center_tablet&#8221; medium_width=&#8221;0&#8243; align_mobile=&#8221;align_center_mobile&#8221; mobile_width=&#8221;0&#8243; width=&#8221;1\/1&#8243; uncode_shortcode_id=&#8221;768800&#8243;][vc_custom_heading separator=&#8221;under&#8221; separator_color=&#8221;yes&#8221; separator_double=&#8221;yes&#8221; uncode_shortcode_id=&#8221;204317&#8243; subheading=&#8221;Komfort mit Eleganz&#8221;]Unsere Zimmer[\/vc_custom_heading][vc_row_inner][vc_column_inner width=&#8221;1\/2&#8243;][vc_single_image media=&#8221;105138&#8243; media_width_percent=&#8221;100&#8243; media_ratio=&#8221;four-three&#8221; uncode_shortcode_id=&#8221;159144&#8243; media_link=&#8221;url:https%3A%2F%2Flmyv.site%2Fmas%2Fchezromyk%2Fde%2Fraeume%2F|title:R%C3%A4ume&#8221;][vc_custom_heading uncode_shortcode_id=&#8221;151056&#8243; subheading=&#8221;Ab 135\u20ac&#8221;]<a href=\"https:\/\/lmyv.site\/mas\/chezromyk\/de\/raeume\/\">Zimmer mit Stadtblick<\/a>[\/vc_custom_heading][\/vc_column_inner][vc_column_inner width=&#8221;1\/2&#8243;][vc_single_image media=&#8221;105116&#8243; media_width_percent=&#8221;100&#8243; media_ratio=&#8221;four-three&#8221; uncode_shortcode_id=&#8221;635593&#8243; media_link=&#8221;url:https%3A%2F%2Flmyv.site%2Fmas%2Fchezromyk%2Fde%2Fraeume%2F|title:R%C3%A4ume&#8221;][vc_custom_heading uncode_shortcode_id=&#8221;847662&#8243; subheading=&#8221;Ab 115\u20ac&#8221;]<a href=\"https:\/\/lmyv.site\/mas\/chezromyk\/de\/raeume\/\">Zimmer mit Gartenblick<\/a>[\/vc_custom_heading][\/vc_column_inner][\/vc_row_inner][\/vc_column][\/vc_row][vc_row row_height_percent=&#8221;0&#8243; override_padding=&#8221;yes&#8221; h_padding=&#8221;2&#8243; top_padding=&#8221;5&#8243; bottom_padding=&#8221;5&#8243; back_color=&#8221;color-gyho&#8221; overlay_alpha=&#8221;80&#8243; equal_height=&#8221;yes&#8221; gutter_size=&#8221;4&#8243; column_width_percent=&#8221;100&#8243; shift_y=&#8221;0&#8243; z_index=&#8221;0&#8243; uncode_shortcode_id=&#8221;119210&#8243; back_color_type=&#8221;uncode-palette&#8221;][vc_column column_width_percent=&#8221;100&#8243; position_vertical=&#8221;middle&#8221; align_horizontal=&#8221;align_center&#8221; gutter_size=&#8221;3&#8243; style=&#8221;light&#8221; overlay_alpha=&#8221;50&#8243; shift_x=&#8221;0&#8243; shift_y=&#8221;0&#8243; shift_y_down=&#8221;0&#8243; z_index=&#8221;0&#8243; align_medium=&#8221;align_center_tablet&#8221; medium_width=&#8221;0&#8243; align_mobile=&#8221;align_center_mobile&#8221; mobile_width=&#8221;0&#8243; width=&#8221;1\/1&#8243; uncode_shortcode_id=&#8221;768800&#8243;][vc_custom_heading sub_lead=&#8221;small&#8221; uncode_shortcode_id=&#8221;425617&#8243; subheading=&#8221;Das erste koschere B&amp;B in Mailand&#8221;]Was andere sagen[\/vc_custom_heading][vc_raw_html]JTVCdHJ1c3RpbmRleCUyMG5vLXJlZ2lzdHJhdGlvbiUzRGJvb2tpbmclNUQ=[\/vc_raw_html][\/vc_column][\/vc_row]<\/p>\n","protected":false},"excerpt":{"rendered":"<p>[vc_row row_height_percent=&#8221;20&#8243; override_padding=&#8221;yes&#8221; h_padding=&#8221;0&#8243; top_padding=&#8221;0&#8243; bottom_padding=&#8221;2&#8243; back_color=&#8221;color-prif&#8221; overlay_alpha=&#8221;50&#8243; gutter_size=&#8221;3&#8243; column_width_percent=&#8221;100&#8243; shift_y=&#8221;0&#8243; z_index=&#8221;0&#8243; front_end_with_slider=&#8221;true&#8221; uncode_shortcode_id=&#8221;188697&#8243; back_color_type=&#8221;uncode-palette&#8221; el_class=&#8221;home_search_row&#8221;][vc_column column_width_percent=&#8221;100&#8243; gutter_size=&#8221;0&#8243; override_padding=&#8221;yes&#8221; column_padding=&#8221;0&#8243; [&hellip;]<\/p>\n","protected":false},"author":1,"featured_media":0,"parent":0,"menu_order":0,"comment_status":"closed","ping_status":"closed","template":"","meta":{"footnotes":""},"class_list":["post-104827","page","type-page","status-publish","hentry"],"_links":{"self":[{"href":"https:\/\/lmyv.site\/mas\/chezromyk\/wp-json\/wp\/v2\/pages\/104827","targetHints":{"allow":["GET"]}}],"collection":[{"href":"https:\/\/lmyv.site\/mas\/chezromyk\/wp-json\/wp\/v2\/pages"}],"about":[{"href":"https:\/\/lmyv.site\/mas\/chezromyk\/wp-json\/wp\/v2\/types\/page"}],"author":[{"embeddable":true,"href":"https:\/\/lmyv.site\/mas\/chezromyk\/wp-json\/wp\/v2\/users\/1"}],"replies":[{"embeddable":true,"href":"https:\/\/lmyv.site\/mas\/chezromyk\/wp-json\/wp\/v2\/comments?post=104827"}],"version-history":[{"count":14,"href":"https:\/\/lmyv.site\/mas\/chezromyk\/wp-json\/wp\/v2\/pages\/104827\/revisions"}],"predecessor-version":[{"id":105356,"href":"https:\/\/lmyv.site\/mas\/chezromyk\/wp-json\/wp\/v2\/pages\/104827\/revisions\/105356"}],"wp:attachment":[{"href":"https:\/\/lmyv.site\/mas\/chezromyk\/wp-json\/wp\/v2\/media?parent=104827"}],"curies":[{"name":"wp","href":"https:\/\/api.w.org\/{rel}","templated":true}]}}