{"id":104823,"date":"2022-08-03T20:45:28","date_gmt":"2022-08-03T19:45:28","guid":{"rendered":"https:\/\/lmyv.site\/mas\/chezromyk\/?page_id=104607"},"modified":"2023-01-18T23:25:54","modified_gmt":"2023-01-18T22:25:54","slug":"page-daccueil","status":"publish","type":"page","link":"https:\/\/lmyv.site\/mas\/chezromyk\/fr\/","title":{"rendered":"Accueil"},"content":{"rendered":"<p>[vc_row row_height_percent=&#8221;20&#8243; override_padding=&#8221;yes&#8221; h_padding=&#8221;0&#8243; top_padding=&#8221;0&#8243; bottom_padding=&#8221;2&#8243; back_color=&#8221;color-prif&#8221; overlay_alpha=&#8221;50&#8243; gutter_size=&#8221;3&#8243; column_width_percent=&#8221;100&#8243; shift_y=&#8221;0&#8243; z_index=&#8221;0&#8243; front_end_with_slider=&#8221;true&#8221; uncode_shortcode_id=&#8221;188697&#8243; back_color_type=&#8221;uncode-palette&#8221; el_class=&#8221;home_search_row&#8221;][vc_column column_width_percent=&#8221;100&#8243; gutter_size=&#8221;0&#8243; override_padding=&#8221;yes&#8221; column_padding=&#8221;0&#8243; overlay_alpha=&#8221;50&#8243; shift_x=&#8221;0&#8243; shift_y=&#8221;0&#8243; shift_y_down=&#8221;0&#8243; z_index=&#8221;0&#8243; medium_width=&#8221;0&#8243; mobile_width=&#8221;0&#8243; width=&#8221;1\/1&#8243; uncode_shortcode_id=&#8221;154463&#8243;][vc_row_inner row_inner_height_percent=&#8221;0&#8243; force_width_grid=&#8221;yes&#8221; overlay_alpha=&#8221;50&#8243; gutter_size=&#8221;3&#8243; shift_y=&#8221;0&#8243; z_index=&#8221;0&#8243; uncode_shortcode_id=&#8221;156830&#8243; el_class=&#8221;octo_sarch_innerV3&#8243; limit_content=&#8221;&#8221;][vc_column_inner column_width_percent=&#8221;80&#8243; position_vertical=&#8221;middle&#8221; align_horizontal=&#8221;align_center&#8221; gutter_size=&#8221;0&#8243; override_padding=&#8221;yes&#8221; column_padding=&#8221;0&#8243; overlay_alpha=&#8221;50&#8243; shift_x=&#8221;0&#8243; shift_y=&#8221;0&#8243; shift_y_down=&#8221;0&#8243; z_index=&#8221;0&#8243; medium_width=&#8221;0&#8243; mobile_width=&#8221;0&#8243; width=&#8221;1\/1&#8243; uncode_shortcode_id=&#8221;197483&#8243;][vc_raw_html]JTNDZGl2JTIwY2xhc3MlM0QlMjJvY3RvX3NlYXJjaF9ob21lJTIyJTNFJTNDc2NyaXB0JTIwdHlwZSUzRCUyMnRleHQlMkZqYXZhc2NyaXB0JTIyJTIwc3JjJTNEJTIyaHR0cHMlM0ElMkYlMkZyZXN4Lm9jdG9yYXRlLmNvbSUyRm9jdG9ib29rJTJGcmVzb3VyY2VzJTJGd2lkZ2V0JTJGanMlMkZmb3JtLmpzJTIyJTIwZGF0YS1zaXRla2V5JTNEJTIyMWFkZmIyYTZmODk2OGFmZjc3MDkyMzQyMGYwOWQyYTMlMjIlM0UlM0MlMkZzY3JpcHQlM0UlM0MlMkZkaXYlM0U=[\/vc_raw_html][\/vc_column_inner][\/vc_row_inner][\/vc_column][\/vc_row][vc_row unlock_row_content=&#8221;yes&#8221; row_height_percent=&#8221;0&#8243; override_padding=&#8221;yes&#8221; h_padding=&#8221;7&#8243; top_padding=&#8221;3&#8243; bottom_padding=&#8221;3&#8243; overlay_alpha=&#8221;50&#8243; gutter_size=&#8221;3&#8243; column_width_percent=&#8221;100&#8243; shift_y=&#8221;0&#8243; z_index=&#8221;0&#8243; bottom_divider=&#8221;step&#8221; uncode_shortcode_id=&#8221;631233&#8243;][vc_column column_width_percent=&#8221;100&#8243; position_vertical=&#8221;middle&#8221; gutter_size=&#8221;2&#8243; overlay_alpha=&#8221;50&#8243; shift_x=&#8221;0&#8243; shift_y=&#8221;0&#8243; shift_y_down=&#8221;0&#8243; z_index=&#8221;0&#8243; medium_width=&#8221;0&#8243; mobile_width=&#8221;0&#8243; width=&#8221;1\/1&#8243; uncode_shortcode_id=&#8221;132418&#8243;][vc_row_inner][vc_column_inner column_width_percent=&#8221;100&#8243; position_vertical=&#8221;middle&#8221; gutter_size=&#8221;3&#8243; back_color=&#8221;color-xsdn&#8221; overlay_alpha=&#8221;50&#8243; border_color=&#8221;accent&#8221; border_style=&#8221;solid&#8221; shift_x=&#8221;4&#8243; shift_y=&#8221;0&#8243; shift_y_down=&#8221;0&#8243; z_index=&#8221;10&#8243; medium_width=&#8221;0&#8243; mobile_width=&#8221;0&#8243; shadow=&#8221;sm&#8221; shadow_darker=&#8221;yes&#8221; width=&#8221;1\/2&#8243; uncode_shortcode_id=&#8221;549777&#8243; back_color_type=&#8221;uncode-palette&#8221; border_color_type=&#8221;uncode-palette&#8221;][vc_custom_heading heading_semantic=&#8221;h3&#8243; text_size=&#8221;fontsize-834651&#8243; uncode_shortcode_id=&#8221;203457&#8243; subheading=&#8221;Depuis 2016&#8243;]Notre histoire[\/vc_custom_heading][vc_column_text uncode_shortcode_id=&#8221;342141&#8243;]Les chambres d&#8217;h\u00f4tes ChezRomyK, construites en 2016, offrent des espaces confortables de d\u00e9tente et de travail.<br \/>\nLe mobilier est soign\u00e9 avec une attention particuli\u00e8re combin\u00e9e \u00e0 un design moderne et raffin\u00e9 avec des couleurs douces et relaxantes, con\u00e7u pour la durabilit\u00e9 environnementale et les \u00e9conomies d&#8217;\u00e9nergie.<br \/>\nNotre Bed and Breakfast propose deux chambres doubles \u00e9l\u00e9gantes et contemporaines. Elles sont \u00e9quip\u00e9es d&#8217;un service Internet wifi, de la t\u00e9l\u00e9vision par satellite, de la climatisation, d&#8217;une salle de bain priv\u00e9e, d&#8217;un bureau avec un fauteuil, d&#8217;un s\u00e8che-cheveux \u00e9lectrique et d&#8217;un petit coin petit-d\u00e9jeuner pour \u00e9gayer et rendre agr\u00e9able votre s\u00e9jour dans la ville, \u00e0 la fois court et long. terme. Chaque chambre est lumineuse, spacieuse, meubl\u00e9e et \u00e9quip\u00e9e de tout le confort n\u00e9cessaire.<br \/>\nToutes les chambres b\u00e9n\u00e9ficient du service de m\u00e9nage quotidien et du changement des draps et des serviettes tous les trois jours. Le petit d\u00e9jeuner est servi dans un style italien avec des ingr\u00e9dients frais et nutritifs pour l&#8217;\u00e9t\u00e9 et chaleureux et accueillant en hiver. De la tradition des chambres d&#8217;h\u00f4tes, nous offrons notre hospitalit\u00e9 dans un lieu pour passer la nuit et prendre le repas le matin \u00e0 travers l&#8217;exp\u00e9rience d&#8217;une dimension plus humaine, chaleureuse et familiale.[\/vc_column_text][\/vc_column_inner][vc_column_inner column_width_percent=&#8221;100&#8243; position_vertical=&#8221;middle&#8221; gutter_size=&#8221;3&#8243; overlay_alpha=&#8221;50&#8243; shift_x=&#8221;0&#8243; shift_y=&#8221;0&#8243; shift_y_down=&#8221;0&#8243; z_index=&#8221;0&#8243; medium_width=&#8221;0&#8243; mobile_width=&#8221;0&#8243; width=&#8221;1\/2&#8243; uncode_shortcode_id=&#8221;641614&#8243;][vc_single_image media=&#8221;105135&#8243; media_width_percent=&#8221;100&#8243; uncode_shortcode_id=&#8221;205275&#8243;][\/vc_column_inner][\/vc_row_inner][\/vc_column][\/vc_row][vc_row row_height_percent=&#8221;0&#8243; override_padding=&#8221;yes&#8221; h_padding=&#8221;2&#8243; top_padding=&#8221;5&#8243; bottom_padding=&#8221;5&#8243; back_color=&#8221;color-lxmt&#8221; overlay_alpha=&#8221;50&#8243; equal_height=&#8221;yes&#8221; gutter_size=&#8221;4&#8243; column_width_percent=&#8221;100&#8243; shift_y=&#8221;0&#8243; z_index=&#8221;0&#8243; uncode_shortcode_id=&#8221;193118&#8243; back_color_type=&#8221;uncode-palette&#8221;][vc_column column_width_percent=&#8221;100&#8243; position_vertical=&#8221;middle&#8221; align_horizontal=&#8221;align_center&#8221; gutter_size=&#8221;3&#8243; style=&#8221;light&#8221; overlay_alpha=&#8221;50&#8243; shift_x=&#8221;0&#8243; shift_y=&#8221;0&#8243; shift_y_down=&#8221;0&#8243; z_index=&#8221;0&#8243; align_medium=&#8221;align_center_tablet&#8221; medium_width=&#8221;0&#8243; align_mobile=&#8221;align_center_mobile&#8221; mobile_width=&#8221;0&#8243; width=&#8221;1\/1&#8243; uncode_shortcode_id=&#8221;768800&#8243;][vc_custom_heading separator=&#8221;under&#8221; separator_color=&#8221;yes&#8221; separator_double=&#8221;yes&#8221; uncode_shortcode_id=&#8221;335799&#8243; subheading=&#8221;Confort avec \u00e9l\u00e9gance&#8221;]Nos chambres[\/vc_custom_heading][vc_row_inner][vc_column_inner width=&#8221;1\/2&#8243;][vc_single_image media=&#8221;105138&#8243; media_width_percent=&#8221;100&#8243; media_ratio=&#8221;four-three&#8221; uncode_shortcode_id=&#8221;931084&#8243; media_link=&#8221;url:https%3A%2F%2Flmyv.site%2Fmas%2Fchezromyk%2Ffr%2Fpieces%2F|title:pi%C3%A8ces&#8221;][vc_custom_heading uncode_shortcode_id=&#8221;511216&#8243; subheading=&#8221;A partir de 135\u20ac&#8221;]<a href=\"https:\/\/lmyv.site\/mas\/chezromyk\/fr\/pieces\/\">Chambre avec vue sur la ville<\/a>[\/vc_custom_heading][\/vc_column_inner][vc_column_inner width=&#8221;1\/2&#8243;][vc_single_image media=&#8221;105116&#8243; media_width_percent=&#8221;100&#8243; media_ratio=&#8221;four-three&#8221; uncode_shortcode_id=&#8221;155806&#8243; media_link=&#8221;url:https%3A%2F%2Flmyv.site%2Fmas%2Fchezromyk%2Ffr%2Fpieces%2F|title:pi%C3%A8ces&#8221;][vc_custom_heading uncode_shortcode_id=&#8221;731894&#8243; subheading=&#8221;A partir de 115\u20ac&#8221;]<a href=\"https:\/\/lmyv.site\/mas\/chezromyk\/fr\/pieces\/\">Chambre avec vue sur le jardin<\/a>[\/vc_custom_heading][\/vc_column_inner][\/vc_row_inner][\/vc_column][\/vc_row][vc_row row_height_percent=&#8221;0&#8243; override_padding=&#8221;yes&#8221; h_padding=&#8221;2&#8243; top_padding=&#8221;5&#8243; bottom_padding=&#8221;5&#8243; back_color=&#8221;color-gyho&#8221; overlay_alpha=&#8221;80&#8243; equal_height=&#8221;yes&#8221; gutter_size=&#8221;4&#8243; column_width_percent=&#8221;100&#8243; shift_y=&#8221;0&#8243; z_index=&#8221;0&#8243; uncode_shortcode_id=&#8221;153531&#8243; back_color_type=&#8221;uncode-palette&#8221;][vc_column column_width_percent=&#8221;100&#8243; position_vertical=&#8221;middle&#8221; align_horizontal=&#8221;align_center&#8221; gutter_size=&#8221;3&#8243; style=&#8221;light&#8221; overlay_alpha=&#8221;50&#8243; shift_x=&#8221;0&#8243; shift_y=&#8221;0&#8243; shift_y_down=&#8221;0&#8243; z_index=&#8221;0&#8243; align_medium=&#8221;align_center_tablet&#8221; medium_width=&#8221;0&#8243; align_mobile=&#8221;align_center_mobile&#8221; mobile_width=&#8221;0&#8243; width=&#8221;1\/1&#8243; uncode_shortcode_id=&#8221;768800&#8243;][vc_custom_heading sub_lead=&#8221;small&#8221; uncode_shortcode_id=&#8221;877918&#8243; subheading=&#8221;Le premier B&amp;B casher \u00e0 Milan&#8221;]Ce que disent les autres[\/vc_custom_heading][vc_raw_html]JTVCdHJ1c3RpbmRleCUyMG5vLXJlZ2lzdHJhdGlvbiUzRGJvb2tpbmclNUQ=[\/vc_raw_html][\/vc_column][\/vc_row]<\/p>\n","protected":false},"excerpt":{"rendered":"<p>[vc_row row_height_percent=&#8221;20&#8243; override_padding=&#8221;yes&#8221; h_padding=&#8221;0&#8243; top_padding=&#8221;0&#8243; bottom_padding=&#8221;2&#8243; back_color=&#8221;color-prif&#8221; overlay_alpha=&#8221;50&#8243; gutter_size=&#8221;3&#8243; column_width_percent=&#8221;100&#8243; shift_y=&#8221;0&#8243; z_index=&#8221;0&#8243; front_end_with_slider=&#8221;true&#8221; uncode_shortcode_id=&#8221;188697&#8243; back_color_type=&#8221;uncode-palette&#8221; el_class=&#8221;home_search_row&#8221;][vc_column column_width_percent=&#8221;100&#8243; gutter_size=&#8221;0&#8243; override_padding=&#8221;yes&#8221; column_padding=&#8221;0&#8243; [&hellip;]<\/p>\n","protected":false},"author":1,"featured_media":0,"parent":0,"menu_order":0,"comment_status":"closed","ping_status":"closed","template":"","meta":{"footnotes":""},"class_list":["post-104823","page","type-page","status-publish","hentry"],"_links":{"self":[{"href":"https:\/\/lmyv.site\/mas\/chezromyk\/wp-json\/wp\/v2\/pages\/104823","targetHints":{"allow":["GET"]}}],"collection":[{"href":"https:\/\/lmyv.site\/mas\/chezromyk\/wp-json\/wp\/v2\/pages"}],"about":[{"href":"https:\/\/lmyv.site\/mas\/chezromyk\/wp-json\/wp\/v2\/types\/page"}],"author":[{"embeddable":true,"href":"https:\/\/lmyv.site\/mas\/chezromyk\/wp-json\/wp\/v2\/users\/1"}],"replies":[{"embeddable":true,"href":"https:\/\/lmyv.site\/mas\/chezromyk\/wp-json\/wp\/v2\/comments?post=104823"}],"version-history":[{"count":15,"href":"https:\/\/lmyv.site\/mas\/chezromyk\/wp-json\/wp\/v2\/pages\/104823\/revisions"}],"predecessor-version":[{"id":105354,"href":"https:\/\/lmyv.site\/mas\/chezromyk\/wp-json\/wp\/v2\/pages\/104823\/revisions\/105354"}],"wp:attachment":[{"href":"https:\/\/lmyv.site\/mas\/chezromyk\/wp-json\/wp\/v2\/media?parent=104823"}],"curies":[{"name":"wp","href":"https:\/\/api.w.org\/{rel}","templated":true}]}}