{"id":111337,"date":"2022-11-04T15:16:13","date_gmt":"2022-11-04T15:16:13","guid":{"rendered":"https:\/\/lmyv.site\/mas\/brio\/?page_id=111337"},"modified":"2023-06-30T17:29:35","modified_gmt":"2023-06-30T17:29:35","slug":"mantenimiento","status":"publish","type":"page","link":"https:\/\/lmyv.site\/mas\/brio\/es\/mantenimiento\/","title":{"rendered":"Mantenimiento"},"content":{"rendered":"<p>[vc_row row_height_percent=\u00bb0&#8243; back_color=\u00bbcolor-274428&#8243; overlay_alpha=\u00bb0&#8243; gutter_size=\u00bb3&#8243; column_width_percent=\u00bb100&#8243; shift_y=\u00bb0&#8243; z_index=\u00bb0&#8243; uncode_shortcode_id=\u00bb453430&#8243; row_name=\u00bbPrincipales Caracteristicas\u00bb el_id=\u00bbSHPrincipalesCaracteristicas\u00bb back_color_type=\u00bbuncode-palette\u00bb][vc_column column_width_percent=\u00bb100&#8243; gutter_size=\u00bb3&#8243; style=\u00bbdark\u00bb overlay_alpha=\u00bb50&#8243; shift_x=\u00bb0&#8243; shift_y=\u00bb0&#8243; shift_y_down=\u00bb0&#8243; z_index=\u00bb0&#8243; medium_width=\u00bb0&#8243; mobile_width=\u00bb0&#8243; width=\u00bb1\/1&#8243; uncode_shortcode_id=\u00bb141250&#8243;][uncode_breadcrumbs][vc_custom_heading auto_text=\u00bbyes\u00bb text_size=\u00bbfontsize-338686&#8243; uncode_shortcode_id=\u00bb758281&#8243; subheading=\u00bbHSE Software\u00bb]This is a custom heading element.[\/vc_custom_heading][vc_empty_space empty_h=\u00bb2&#8243;][\/vc_column][\/vc_row][vc_row row_height_percent=\u00bb40&#8243; back_image=\u00bb110844&#8243; back_position=\u00bbcenter top\u00bb overlay_color=\u00bbcolor-nhtu\u00bb overlay_alpha=\u00bb30&#8243; gutter_size=\u00bb3&#8243; column_width_percent=\u00bb100&#8243; shift_y=\u00bb0&#8243; z_index=\u00bb0&#8243; uncode_shortcode_id=\u00bb212499&#8243; row_name=\u00bbPrincipales Caracteristicas\u00bb el_id=\u00bbSHPrincipalesCaracteristicas\u00bb overlay_color_type=\u00bbuncode-palette\u00bb][vc_column column_width_percent=\u00bb100&#8243; position_vertical=\u00bbbottom\u00bb gutter_size=\u00bb3&#8243; style=\u00bbdark\u00bb overlay_alpha=\u00bb50&#8243; shift_x=\u00bb0&#8243; shift_y=\u00bb0&#8243; shift_y_down=\u00bb0&#8243; z_index=\u00bb0&#8243; medium_width=\u00bb0&#8243; mobile_width=\u00bb0&#8243; width=\u00bb1\/1&#8243; uncode_shortcode_id=\u00bb372941&#8243;][\/vc_column][\/vc_row][vc_row row_height_percent=\u00bb0&#8243; override_padding=\u00bbyes\u00bb h_padding=\u00bb2&#8243; top_padding=\u00bb2&#8243; bottom_padding=\u00bb2&#8243; back_color=\u00bbcolor-274428&#8243; overlay_color=\u00bbcolor-xsdn\u00bb overlay_alpha=\u00bb65&#8243; gutter_size=\u00bb3&#8243; column_width_percent=\u00bb100&#8243; shift_y=\u00bb0&#8243; z_index=\u00bb0&#8243; uncode_shortcode_id=\u00bb205457&#8243; row_name=\u00bbPrincipales Caracteristicas\u00bb el_id=\u00bbSHPrincipalesCaracteristicas\u00bb back_color_type=\u00bbuncode-palette\u00bb overlay_color_type=\u00bbuncode-palette\u00bb][vc_column width=\u00bb1\/1&#8243;][vc_empty_space empty_h=\u00bb0&#8243;][vc_column_text text_lead=\u00bbyes\u00bb text_color=\u00bbcolor-nhtu\u00bb uncode_shortcode_id=\u00bb162512&#8243; text_color_type=\u00bbuncode-palette\u00bb]<span data-sheets-value=\"{&quot;1&quot;:2,&quot;2&quot;:&quot;La plataforma BRIO para la gesti\u00f3n de mantenimiento&quot;}\" data-sheets-userformat=\"{&quot;2&quot;:513,&quot;3&quot;:{&quot;1&quot;:0},&quot;12&quot;:0}\">La plataforma BRIO para la gesti\u00f3n de mantenimiento<\/span> es una soluci\u00f3n que permite a las empresas controlar y optimizar el mantenimiento de sus equipos, maquinarias y activos de manera eficiente y efectiva. Este software se enfoca en mejorar la seguridad y la productividad de las operaciones de la empresa.<\/p>\n<p>Con la Gesti\u00f3n de Mantenimiento de BRIO, las empresas pueden reducir los costos de mantenimiento, mejorar la eficiencia y prolongar la vida \u00fatil de sus equipos cr\u00edticos, todo ello mientras garantizan la seguridad de su personal[\/vc_column_text][vc_empty_space empty_h=\u00bb1&#8243;][\/vc_column][\/vc_row][vc_row row_height_percent=\u00bb0&#8243; override_padding=\u00bbyes\u00bb h_padding=\u00bb2&#8243; top_padding=\u00bb2&#8243; bottom_padding=\u00bb2&#8243; overlay_alpha=\u00bb50&#8243; gutter_size=\u00bb3&#8243; column_width_percent=\u00bb100&#8243; shift_y=\u00bb0&#8243; z_index=\u00bb0&#8243; enable_bottom_divider=\u00bbdefault\u00bb bottom_divider_inv=\u00bbtriangle\u00bb shape_bottom_invert=\u00bbyes\u00bb shape_bottom_flip=\u00bbyes\u00bb shape_bottom_h_use_pixel=\u00bb\u00bb shape_bottom_height=\u00bb30&#8243; shape_bottom_color=\u00bbcolor-lxmt\u00bb shape_bottom_opacity=\u00bb100&#8243; shape_bottom_safe=\u00bbyes\u00bb shape_bottom_index=\u00bb0&#8243; shape_bottom_responsive=\u00bbyes\u00bb uncode_shortcode_id=\u00bb145581&#8243; row_name=\u00bbPrincipales Caracteristicas\u00bb el_id=\u00bbSHPrincipalesCaracteristicas\u00bb shape_bottom_color_type=\u00bbuncode-palette\u00bb][vc_column width=\u00bb1\/1&#8243;][vc_empty_space empty_h=\u00bb2&#8243;][vc_custom_heading uncode_shortcode_id=\u00bb142990&#8243;]Principales Caracter\u00edsticas[\/vc_custom_heading][vc_empty_space empty_h=\u00bb2&#8243;][vc_row_inner row_inner_height_percent=\u00bb0&#8243; overlay_alpha=\u00bb50&#8243; equal_height=\u00bbyes\u00bb gutter_size=\u00bb4&#8243; shift_y=\u00bb0&#8243; limit_content=\u00bb\u00bb][vc_column_inner column_width_percent=\u00bb100&#8243; align_horizontal=\u00bbalign_center\u00bb gutter_size=\u00bb3&#8243; overlay_alpha=\u00bb50&#8243; shift_x=\u00bb0&#8243; shift_y=\u00bb0&#8243; shift_y_down=\u00bb0&#8243; z_index=\u00bb0&#8243; medium_width=\u00bb2&#8243; mobile_width=\u00bb0&#8243; width=\u00bb1\/3&#8243;][vc_icon icon_image=\u00bb111347&#8243; icon_color=\u00bbcolor-274428&#8243; media_size=\u00bb90&#8243; text_size=\u00bbh5&#8243; text_weight=\u00bb500&#8243; linked_title=\u00bbyes\u00bb align=\u00bbleft\u00bb title=\u00bbEQUIPOS VIRTUALES\u00bb link=\u00bburl:%23equipos-virtuales\u00bb uncode_shortcode_id=\u00bb104628&#8243; icon_color_type=\u00bbuncode-palette\u00bb][\/vc_icon][\/vc_column_inner][vc_column_inner column_width_percent=\u00bb100&#8243; align_horizontal=\u00bbalign_center\u00bb gutter_size=\u00bb3&#8243; overlay_alpha=\u00bb50&#8243; shift_x=\u00bb0&#8243; shift_y=\u00bb0&#8243; shift_y_down=\u00bb0&#8243; z_index=\u00bb0&#8243; medium_width=\u00bb2&#8243; mobile_width=\u00bb0&#8243; width=\u00bb1\/3&#8243;][vc_icon icon_image=\u00bb111349&#8243; icon_color=\u00bbcolor-274428&#8243; media_size=\u00bb70&#8243; text_size=\u00bbh5&#8243; text_weight=\u00bb500&#8243; linked_title=\u00bbyes\u00bb align=\u00bbleft\u00bb title=\u00bbORDENES DE TRABAJO\u00bb link=\u00bburl:%23ordenes-de-trabajo\u00bb uncode_shortcode_id=\u00bb549456&#8243; icon_color_type=\u00bbuncode-palette\u00bb][\/vc_icon][\/vc_column_inner][vc_column_inner column_width_percent=\u00bb100&#8243; align_horizontal=\u00bbalign_center\u00bb gutter_size=\u00bb3&#8243; overlay_alpha=\u00bb50&#8243; shift_x=\u00bb0&#8243; shift_y=\u00bb0&#8243; shift_y_down=\u00bb0&#8243; z_index=\u00bb0&#8243; medium_width=\u00bb2&#8243; mobile_width=\u00bb0&#8243; width=\u00bb1\/3&#8243;][vc_icon icon_image=\u00bb117924&#8243; icon_color=\u00bbcolor-274428&#8243; media_size=\u00bb70&#8243; text_size=\u00bbh5&#8243; text_weight=\u00bb500&#8243; linked_title=\u00bbyes\u00bb align=\u00bbleft\u00bb title=\u00bbMANTENIMIENTO CORRECTIVO\u00bb link=\u00bburl:%23mantenimiento-correctivo\u00bb uncode_shortcode_id=\u00bb673260&#8243; icon_color_type=\u00bbuncode-palette\u00bb][\/vc_icon][\/vc_column_inner][\/vc_row_inner][vc_row_inner row_inner_height_percent=\u00bb0&#8243; overlay_alpha=\u00bb50&#8243; equal_height=\u00bbyes\u00bb gutter_size=\u00bb4&#8243; shift_y=\u00bb0&#8243; limit_content=\u00bb\u00bb][vc_column_inner column_width_percent=\u00bb100&#8243; align_horizontal=\u00bbalign_center\u00bb gutter_size=\u00bb3&#8243; overlay_alpha=\u00bb50&#8243; shift_x=\u00bb0&#8243; shift_y=\u00bb0&#8243; shift_y_down=\u00bb0&#8243; z_index=\u00bb0&#8243; medium_width=\u00bb2&#8243; mobile_width=\u00bb0&#8243; width=\u00bb1\/3&#8243;][vc_icon icon_image=\u00bb117923&#8243; icon_color=\u00bbcolor-274428&#8243; media_size=\u00bb70&#8243; text_size=\u00bbh5&#8243; text_weight=\u00bb500&#8243; linked_title=\u00bbyes\u00bb align=\u00bbleft\u00bb title=\u00bbMANTENIMIENTO PREVENTIVO\u00bb link=\u00bburl:%23mantenimiento-preventivo\u00bb uncode_shortcode_id=\u00bb183224&#8243; icon_color_type=\u00bbuncode-palette\u00bb][\/vc_icon][\/vc_column_inner][vc_column_inner column_width_percent=\u00bb100&#8243; align_horizontal=\u00bbalign_center\u00bb gutter_size=\u00bb3&#8243; overlay_alpha=\u00bb50&#8243; shift_x=\u00bb0&#8243; shift_y=\u00bb0&#8243; shift_y_down=\u00bb0&#8243; z_index=\u00bb0&#8243; medium_width=\u00bb2&#8243; mobile_width=\u00bb0&#8243; width=\u00bb1\/3&#8243;][vc_icon icon_image=\u00bb117925&#8243; icon_color=\u00bbcolor-274428&#8243; media_size=\u00bb66&#8243; text_size=\u00bbh5&#8243; text_weight=\u00bb500&#8243; linked_title=\u00bbyes\u00bb align=\u00bbleft\u00bb title=\u00bbHISTORIAL DE MANTENIMIENTO\u00bb link=\u00bburl:%23historial-de-mantenimiento\u00bb uncode_shortcode_id=\u00bb193958&#8243; icon_color_type=\u00bbuncode-palette\u00bb][\/vc_icon][\/vc_column_inner][vc_column_inner column_width_percent=\u00bb100&#8243; align_horizontal=\u00bbalign_center\u00bb gutter_size=\u00bb3&#8243; overlay_alpha=\u00bb50&#8243; shift_x=\u00bb0&#8243; shift_y=\u00bb0&#8243; shift_y_down=\u00bb0&#8243; z_index=\u00bb0&#8243; medium_width=\u00bb2&#8243; mobile_width=\u00bb0&#8243; width=\u00bb1\/3&#8243;][vc_icon icon_image=\u00bb111353&#8243; icon_color=\u00bbcolor-274428&#8243; media_size=\u00bb70&#8243; text_size=\u00bbh5&#8243; text_weight=\u00bb500&#8243; linked_title=\u00bbyes\u00bb align=\u00bbleft\u00bb title=\u00bbREPORTES, KPI\u2019S Y DASHBOARDS\u00bb link=\u00bburl:%23reportes-kpis-y-dashboards\u00bb uncode_shortcode_id=\u00bb234057&#8243; icon_color_type=\u00bbuncode-palette\u00bb][\/vc_icon][\/vc_column_inner][\/vc_row_inner][\/vc_column][\/vc_row][vc_row row_height_percent=\u00bb0&#8243; overlay_alpha=\u00bb50&#8243; gutter_size=\u00bb3&#8243; column_width_percent=\u00bb100&#8243; shift_y=\u00bb0&#8243; z_index=\u00bb0&#8243; uncode_shortcode_id=\u00bb197873&#8243; row_name=\u00bbEquipos Virtuales\u00bb el_id=\u00bbSHEmergencias\u00bb el_class=\u00bbmodulos1columna\u00bb][vc_column width=\u00bb1\/1&#8243;][vc_custom_heading uncode_shortcode_id=\u00bb269584&#8243;]Equipos Virtuales[\/vc_custom_heading][vc_column_text uncode_shortcode_id=\u00bb169732&#8243;]Registre toda la informaci\u00f3n de sus activos f\u00edsicos dentro de BRIO: ubicaciones, equipos, piezas, modelos, n\u00famero de series, manuales y toda la informaci\u00f3n necesaria de sus equipos en el mismo lugar.[\/vc_column_text][uncode_list icon=\u00bbfa fa-caret-right\u00bb uncode_shortcode_id=\u00bb201927&#8243;]<\/p>\n<ul>\n<li>Fotos<\/li>\n<li>N\u00fameros de serie<\/li>\n<li>Indicaciones LOTO<\/li>\n<li>Garant\u00eda<\/li>\n<li>Protecci\u00f3n de partes m\u00f3viles<\/li>\n<li>Manuales<\/li>\n<li>Partes (a vincular con el inventario)<\/li>\n<li>Tutoriales de mantenimiento<\/li>\n<li>Calendario de revisiones y Mantenimiento programado<\/li>\n<li>Historial de aver\u00edas y downtime<\/li>\n<li>Contratistas de mantenimiento int\/ext asociados<\/li>\n<\/ul>\n<p>[\/uncode_list][vc_button button_color=\u00bbcolor-274428&#8243; size=\u00bbbtn-sm\u00bb custom_typo=\u00bbyes\u00bb font_family=\u00bbfont-377884&#8243; font_weight=\u00bb400&#8243; text_transform=\u00bbuppercase\u00bb letter_spacing=\u00bbfontspace-210350&#8243; border_width=\u00bb0&#8243; link=\u00bburl:https%3A%2F%2Flmyv.site%2Fmas%2Fbrio%2Fsolicitar-demo%2F|title:Solicitar%20Demo\u00bb button_color_type=\u00bbuncode-palette\u00bb uncode_shortcode_id=\u00bb158842&#8243; icon=\u00bbfa fa-play\u00bb el_class=\u00bbbtn_solicitar\u00bb]Solicitar demo[\/vc_button][\/vc_column][\/vc_row][vc_row row_height_percent=\u00bb0&#8243; overlay_alpha=\u00bb50&#8243; gutter_size=\u00bb3&#8243; column_width_percent=\u00bb100&#8243; shift_y=\u00bb0&#8243; z_index=\u00bb0&#8243; uncode_shortcode_id=\u00bb172218&#8243; row_name=\u00bbordenes de trabajo\u00bb el_id=\u00bbSHEntregadeEPPs\u00bb el_class=\u00bbmodulos1columna\u00bb][vc_column width=\u00bb1\/1&#8243;][vc_custom_heading uncode_shortcode_id=\u00bb243881&#8243;]\u00d3rdenes de trabajo[\/vc_custom_heading][vc_column_text uncode_shortcode_id=\u00bb162493&#8243;]La creaci\u00f3n de \u00f3rdenes de trabajo es una de las herramientas m\u00e1s \u00fatiles para garantizar la eficiencia y la seguridad en el mantenimiento de tus equipos. A trav\u00e9s de la plataforma BRIO podr\u00e1 crear \u00f3rdenes de trabajo preventivas o correctivas, especificando la tarea a realizar, fecha y hora en que se llevar\u00e1 a cabo, y el personal encargado de realizarla. Podr\u00e1 agregar comentarios y archivos o fotograf\u00edas adjuntas para brindar informaci\u00f3n y\/o para facilitar la comprensi\u00f3n de la tarea. Una vez creada la \u00f3rden de trabajo, podr\u00e1s hacer seguimiento del progreso de la tarea y recibir notificaciones de cualquier eventualidad o problema que surja.[\/vc_column_text][uncode_list icon=\u00bbfa fa-caret-right\u00bb uncode_shortcode_id=\u00bb915393&#8243;]<\/p>\n<ul>\n<li>Estado y seguimiento<\/li>\n<li>Indicadores clave de rendimiento<\/li>\n<li>Calidad<\/li>\n<li>Previsiones<\/li>\n<\/ul>\n<p>[\/uncode_list][vc_button button_color=\u00bbcolor-274428&#8243; size=\u00bbbtn-sm\u00bb custom_typo=\u00bbyes\u00bb font_family=\u00bbfont-377884&#8243; font_weight=\u00bb400&#8243; text_transform=\u00bbuppercase\u00bb letter_spacing=\u00bbfontspace-210350&#8243; border_width=\u00bb0&#8243; link=\u00bburl:https%3A%2F%2Flmyv.site%2Fmas%2Fbrio%2Fsolicitar-demo%2F|title:Solicitar%20Demo\u00bb button_color_type=\u00bbuncode-palette\u00bb uncode_shortcode_id=\u00bb127494&#8243; icon=\u00bbfa fa-play\u00bb el_class=\u00bbbtn_solicitar\u00bb]Solicitar demo[\/vc_button][\/vc_column][\/vc_row][vc_row row_height_percent=\u00bb0&#8243; overlay_alpha=\u00bb50&#8243; equal_height=\u00bbyes\u00bb gutter_size=\u00bb3&#8243; column_width_percent=\u00bb100&#8243; shift_y=\u00bb0&#8243; z_index=\u00bb0&#8243; uncode_shortcode_id=\u00bb731809&#8243; row_name=\u00bbMantenimiento correctivo\u00bb el_id=\u00bbSHpermisosdetrabajo\u00bb el_class=\u00bbmodulos1columna\u00bb][vc_column width=\u00bb2\/3&#8243;][vc_custom_heading uncode_shortcode_id=\u00bb141105&#8243;]Mantenimiento correctivo[\/vc_custom_heading][vc_column_text uncode_shortcode_id=\u00bb134730&#8243;]BRIO le brinda herramientas de comunicaci\u00f3n interna que permiten que los distintos sectores de su empresa identifiquen aver\u00edas y defectos que requieran reparaci\u00f3n. Cuando se detecta una falla, los usuarios podr\u00e1n crear una tarea detallando el problema a reparar, la zona en la que se ubica, la prioridad del arreglo y m\u00e1s informaci\u00f3n adicional. Luego, esa tarea ser\u00e1 a\u00f1adida al listado de pendientes del departamento correspondiente. De acuerdo con la naturaleza de la reparaci\u00f3n se podr\u00e1 crear un flujo de trabajo pertinente y a medida que avance la reparaci\u00f3n todos los usuarios ser\u00e1n notificados del progreso.[\/vc_column_text][vc_button button_color=\u00bbcolor-274428&#8243; size=\u00bbbtn-sm\u00bb custom_typo=\u00bbyes\u00bb font_family=\u00bbfont-377884&#8243; font_weight=\u00bb400&#8243; text_transform=\u00bbuppercase\u00bb letter_spacing=\u00bbfontspace-210350&#8243; border_width=\u00bb0&#8243; link=\u00bburl:https%3A%2F%2Flmyv.site%2Fmas%2Fbrio%2Fsolicitar-demo%2F|title:Solicitar%20Demo\u00bb button_color_type=\u00bbuncode-palette\u00bb uncode_shortcode_id=\u00bb149975&#8243; icon=\u00bbfa fa-play\u00bb el_class=\u00bbbtn_solicitar\u00bb]Solicitar demo[\/vc_button][\/vc_column][vc_column column_width_percent=\u00bb100&#8243; position_vertical=\u00bbmiddle\u00bb gutter_size=\u00bb3&#8243; overlay_alpha=\u00bb50&#8243; shift_x=\u00bb0&#8243; shift_y=\u00bb0&#8243; shift_y_down=\u00bb0&#8243; z_index=\u00bb0&#8243; medium_width=\u00bb0&#8243; mobile_width=\u00bb0&#8243; width=\u00bb1\/3&#8243; uncode_shortcode_id=\u00bb124755&#8243;][\/vc_column][\/vc_row][vc_row row_height_percent=\u00bb0&#8243; overlay_alpha=\u00bb50&#8243; gutter_size=\u00bb3&#8243; column_width_percent=\u00bb100&#8243; shift_y=\u00bb0&#8243; z_index=\u00bb0&#8243; uncode_shortcode_id=\u00bb264073&#8243; row_name=\u00bbMantenimiento preventivo\u00bb el_id=\u00bbSHTareasprogramadas\u00bb el_class=\u00bbmodulos1columna\u00bb][vc_column width=\u00bb1\/1&#8243;][vc_custom_heading uncode_shortcode_id=\u00bb548732&#8243;]Mantenimiento preventivo[\/vc_custom_heading][vc_column_text uncode_shortcode_id=\u00bb938235&#8243;]A trav\u00e9s de BRIO podr\u00e1 programar operaciones de mantenimiento, planificar tareas y administrar recursos, logrando as\u00ed mejorar la eficiencia de sus equipos y evitar fallos que puedan afectar la producci\u00f3n. La planificaci\u00f3n de tareas le permitir\u00e1 establecer un cronograma de las actividades a realizar, determinar la frecuencia de cada tarea y establecer prioridades. La administraci\u00f3n de recursos, por otro lado, le ayudar\u00e1 a determinar los recursos necesarios para llevar a cabo cada tarea de mantenimiento. El software le permitir\u00e1 controlar los materiales, herramientas y equipos necesarios, as\u00ed como el personal disponible y su nivel de capacitaci\u00f3n para realizar cada tarea.[\/vc_column_text][vc_button button_color=\u00bbcolor-274428&#8243; size=\u00bbbtn-sm\u00bb custom_typo=\u00bbyes\u00bb font_family=\u00bbfont-377884&#8243; font_weight=\u00bb400&#8243; text_transform=\u00bbuppercase\u00bb letter_spacing=\u00bbfontspace-210350&#8243; border_width=\u00bb0&#8243; link=\u00bburl:https%3A%2F%2Flmyv.site%2Fmas%2Fbrio%2Fsolicitar-demo%2F|title:Solicitar%20Demo\u00bb button_color_type=\u00bbuncode-palette\u00bb uncode_shortcode_id=\u00bb822093&#8243; icon=\u00bbfa fa-play\u00bb el_class=\u00bbbtn_solicitar\u00bb]Solicitar demo[\/vc_button][\/vc_column][\/vc_row][vc_row row_height_percent=\u00bb0&#8243; overlay_alpha=\u00bb50&#8243; gutter_size=\u00bb3&#8243; column_width_percent=\u00bb100&#8243; shift_y=\u00bb0&#8243; z_index=\u00bb0&#8243; uncode_shortcode_id=\u00bb206680&#8243; row_name=\u00bbHistorial de mantenimiento\u00bb el_id=\u00bbSHReportesKPIDashboards\u00bb el_class=\u00bbmodulos1columna\u00bb][vc_column width=\u00bb1\/1&#8243;][vc_custom_heading uncode_shortcode_id=\u00bb153825&#8243;]Historial de Mantenimiento[\/vc_custom_heading][vc_column_text uncode_shortcode_id=\u00bb100040&#8243;]El historial de mantenimiento de BRIO sirve para registrar y realizar un seguimiento de todas las actividades de mantenimiento realizadas en equipos, m\u00e1quinas o instalaciones dentro de un entorno de seguridad inteligente. Proporciona un registro detallado de todas las tareas de mantenimiento, incluyendo fechas, descripciones, t\u00e9cnicos responsables, resultados y cualquier otra informaci\u00f3n relevante. Es una herramienta invaluable para mejorar la eficiencia operativa, garantizar el cumplimiento normativo y optimizar la seguridad dentro de un entorno inteligente de seguridad.[\/vc_column_text][vc_button button_color=\u00bbcolor-274428&#8243; size=\u00bbbtn-sm\u00bb custom_typo=\u00bbyes\u00bb font_family=\u00bbfont-377884&#8243; font_weight=\u00bb400&#8243; text_transform=\u00bbuppercase\u00bb letter_spacing=\u00bbfontspace-210350&#8243; border_width=\u00bb0&#8243; link=\u00bburl:https%3A%2F%2Flmyv.site%2Fmas%2Fbrio%2Fsolicitar-demo%2F|title:Solicitar%20Demo\u00bb button_color_type=\u00bbuncode-palette\u00bb uncode_shortcode_id=\u00bb259268&#8243; icon=\u00bbfa fa-play\u00bb el_class=\u00bbbtn_solicitar\u00bb]Solicitar demo[\/vc_button][\/vc_column][\/vc_row][vc_row row_height_percent=\u00bb0&#8243; overlay_alpha=\u00bb50&#8243; gutter_size=\u00bb3&#8243; column_width_percent=\u00bb100&#8243; shift_y=\u00bb0&#8243; z_index=\u00bb0&#8243; uncode_shortcode_id=\u00bb138118&#8243; row_name=\u00bbReportes KPIs y dashboards\u00bb el_id=\u00bbSHInvestigaci\u00f3ndeIncidentes\u00bb el_class=\u00bbmodulos1columna\u00bb][vc_column width=\u00bb1\/1&#8243;][vc_custom_heading uncode_shortcode_id=\u00bb539303&#8243;]Reportes, KPI\u2019s y dashboards[\/vc_custom_heading][vc_column_text uncode_shortcode_id=\u00bb118436&#8243;]BRIO le ofrece la posibilidad de crear KPI\u00b4s y dashboards personalizados por roles para su seguimiento y an\u00e1lisis. Estos dashboards pueden incluir gr\u00e1ficos y tablas que muestren la evoluci\u00f3n de cada KPI en el tiempo, comparaciones con objetivos establecidos, y otros datos relevantes. Esto permite tomar decisiones informadas y anticiparse a posibles problemas en el mantenimiento de equipos e instalaciones.[\/vc_column_text][uncode_list icon=\u00bbfa fa-caret-right\u00bb uncode_shortcode_id=\u00bb973617&#8243;]<\/p>\n<ul>\n<li>Gr\u00e1ficos<\/li>\n<li>Indicadores<\/li>\n<li>Estad\u00edsticas<\/li>\n<\/ul>\n<p>[\/uncode_list][vc_button button_color=\u00bbcolor-274428&#8243; size=\u00bbbtn-sm\u00bb custom_typo=\u00bbyes\u00bb font_family=\u00bbfont-377884&#8243; font_weight=\u00bb400&#8243; text_transform=\u00bbuppercase\u00bb letter_spacing=\u00bbfontspace-210350&#8243; border_width=\u00bb0&#8243; link=\u00bburl:https%3A%2F%2Flmyv.site%2Fmas%2Fbrio%2Fsolicitar-demo%2F|title:Solicitar%20Demo\u00bb button_color_type=\u00bbuncode-palette\u00bb uncode_shortcode_id=\u00bb853640&#8243; icon=\u00bbfa fa-play\u00bb el_class=\u00bbbtn_solicitar\u00bb]Solicitar demo[\/vc_button][\/vc_column][\/vc_row][vc_row row_height_percent=\u00bb49&#8243; override_padding=\u00bbyes\u00bb h_padding=\u00bb2&#8243; top_padding=\u00bb5&#8243; bottom_padding=\u00bb5&#8243; back_color=\u00bbcolor-274428&#8243; overlay_alpha=\u00bb50&#8243; gutter_size=\u00bb100&#8243; column_width_percent=\u00bb100&#8243; shift_y=\u00bb0&#8243; z_index=\u00bb0&#8243; style=\u00bbinherited\u00bb uncode_shortcode_id=\u00bb617457&#8243; back_color_type=\u00bbuncode-palette\u00bb][vc_column column_width_use_pixel=\u00bbyes\u00bb position_vertical=\u00bbmiddle\u00bb align_horizontal=\u00bbalign_center\u00bb gutter_size=\u00bb2&#8243; style=\u00bbdark\u00bb overlay_alpha=\u00bb100&#8243; shift_x=\u00bb0&#8243; shift_y=\u00bb0&#8243; shift_y_down=\u00bb0&#8243; z_index=\u00bb0&#8243; medium_width=\u00bb0&#8243; mobile_width=\u00bb0&#8243; zoom_width=\u00bb0&#8243; zoom_height=\u00bb0&#8243; width=\u00bb1\/1&#8243; column_width_pixel=\u00bb900&#8243;][vc_custom_heading heading_semantic=\u00bbh6&#8243; text_size=\u00bbfontsize-160000&#8243; text_transform=\u00bbuppercase\u00bb text_space=\u00bbfontspace-135905&#8243; uncode_shortcode_id=\u00bb700486&#8243;]\u00bfTodav\u00eda dudas?[\/vc_custom_heading][vc_custom_heading heading_semantic=\u00bbh3&#8243; text_size=\u00bbh3&#8243; text_height=\u00bbfontheight-357766&#8243; sub_lead=\u00bbyes\u00bb uncode_shortcode_id=\u00bb143277&#8243;]Mejora la eficiencia, reduce los costos, y asegurar el cumplimiento de las regulaciones de seguridad laboral.<br \/>\nProlonga la vida \u00fatil de sus equipos cr\u00edticos y<br \/>\ngarantiza que sus instalaciones est\u00e9n limpias y seguras<br \/>\npara sus trabajadores y clientes.<br \/>\nTodo ello mientras se asegura de cumplir con los est\u00e1ndares de calidad requeridos en su industria.[\/vc_custom_heading][vc_empty_space empty_h=\u00bb2&#8243;][vc_row_inner limit_content=\u00bb\u00bb][vc_column_inner column_width_use_pixel=\u00bbyes\u00bb align_horizontal=\u00bbalign_center\u00bb gutter_size=\u00bb3&#8243; style=\u00bblight\u00bb overlay_alpha=\u00bb50&#8243; shift_x=\u00bb0&#8243; shift_y=\u00bb0&#8243; shift_y_down=\u00bb0&#8243; z_index=\u00bb0&#8243; medium_width=\u00bb0&#8243; mobile_width=\u00bb0&#8243; width=\u00bb1\/1&#8243; column_width_pixel=\u00bb500&#8243;][vc_button button_color=\u00bbcolor-wayh\u00bb size=\u00bbbtn-xl\u00bb radius=\u00bbbtn-round\u00bb border_animation=\u00bbbtn-ripple-out\u00bb border_width=\u00bb0&#8243; button_color_type=\u00bbuncode-palette\u00bb uncode_shortcode_id=\u00bb409838&#8243; width=\u00bb300&#8243; link=\u00bburl:https%3A%2F%2Flmyv.site%2Fmas%2Fbrio%2Fsolicitar-demo%2F|title:Solicitar%20Demo\u00bb]QUIERO LA DEMO[\/vc_button][\/vc_column_inner][\/vc_row_inner][\/vc_column][\/vc_row]<\/p>\n","protected":false},"excerpt":{"rendered":"<p>[vc_row row_height_percent=\u00bb0&#8243; back_color=\u00bbcolor-274428&#8243; overlay_alpha=\u00bb0&#8243; gutter_size=\u00bb3&#8243; column_width_percent=\u00bb100&#8243; shift_y=\u00bb0&#8243; z_index=\u00bb0&#8243; uncode_shortcode_id=\u00bb453430&#8243; row_name=\u00bbPrincipales Caracteristicas\u00bb el_id=\u00bbSHPrincipalesCaracteristicas\u00bb back_color_type=\u00bbuncode-palette\u00bb][vc_column column_width_percent=\u00bb100&#8243; gutter_size=\u00bb3&#8243; style=\u00bbdark\u00bb overlay_alpha=\u00bb50&#8243; shift_x=\u00bb0&#8243; shift_y=\u00bb0&#8243; shift_y_down=\u00bb0&#8243; [&hellip;]<\/p>\n","protected":false},"author":1,"featured_media":0,"parent":0,"menu_order":0,"comment_status":"closed","ping_status":"closed","template":"","meta":{"footnotes":""},"class_list":["post-111337","page","type-page","status-publish","hentry"],"_links":{"self":[{"href":"https:\/\/lmyv.site\/mas\/brio\/wp-json\/wp\/v2\/pages\/111337","targetHints":{"allow":["GET"]}}],"collection":[{"href":"https:\/\/lmyv.site\/mas\/brio\/wp-json\/wp\/v2\/pages"}],"about":[{"href":"https:\/\/lmyv.site\/mas\/brio\/wp-json\/wp\/v2\/types\/page"}],"author":[{"embeddable":true,"href":"https:\/\/lmyv.site\/mas\/brio\/wp-json\/wp\/v2\/users\/1"}],"replies":[{"embeddable":true,"href":"https:\/\/lmyv.site\/mas\/brio\/wp-json\/wp\/v2\/comments?post=111337"}],"version-history":[{"count":0,"href":"https:\/\/lmyv.site\/mas\/brio\/wp-json\/wp\/v2\/pages\/111337\/revisions"}],"wp:attachment":[{"href":"https:\/\/lmyv.site\/mas\/brio\/wp-json\/wp\/v2\/media?parent=111337"}],"curies":[{"name":"wp","href":"https:\/\/api.w.org\/{rel}","templated":true}]}}