{"id":111308,"date":"2022-11-04T13:40:33","date_gmt":"2022-11-04T13:40:33","guid":{"rendered":"https:\/\/lmyv.site\/mas\/brio\/?page_id=111308"},"modified":"2023-06-30T17:30:25","modified_gmt":"2023-06-30T17:30:25","slug":"limpieza","status":"publish","type":"page","link":"https:\/\/lmyv.site\/mas\/brio\/es\/limpieza\/","title":{"rendered":"Limpieza"},"content":{"rendered":"<p>[vc_row row_height_percent=\u00bb0&#8243; back_color=\u00bbcolor-121257&#8243; overlay_alpha=\u00bb0&#8243; gutter_size=\u00bb3&#8243; column_width_percent=\u00bb100&#8243; shift_y=\u00bb0&#8243; z_index=\u00bb0&#8243; uncode_shortcode_id=\u00bb236342&#8243; row_name=\u00bbPrincipales Caracteristicas\u00bb el_id=\u00bbSHPrincipalesCaracteristicas\u00bb back_color_type=\u00bbuncode-palette\u00bb][vc_column column_width_percent=\u00bb100&#8243; gutter_size=\u00bb3&#8243; style=\u00bbdark\u00bb overlay_alpha=\u00bb50&#8243; shift_x=\u00bb0&#8243; shift_y=\u00bb0&#8243; shift_y_down=\u00bb0&#8243; z_index=\u00bb0&#8243; medium_width=\u00bb0&#8243; mobile_width=\u00bb0&#8243; width=\u00bb1\/1&#8243; uncode_shortcode_id=\u00bb141250&#8243;][uncode_breadcrumbs][vc_custom_heading auto_text=\u00bbyes\u00bb text_size=\u00bbfontsize-338686&#8243; uncode_shortcode_id=\u00bb916448&#8243; subheading=\u00bbQMS Software\u00bb]This is a custom heading element.[\/vc_custom_heading][vc_empty_space empty_h=\u00bb2&#8243;][\/vc_column][\/vc_row][vc_row row_height_percent=\u00bb40&#8243; back_image=\u00bb110900&#8243; back_position=\u00bbcenter top\u00bb overlay_color=\u00bbcolor-nhtu\u00bb overlay_alpha=\u00bb30&#8243; gutter_size=\u00bb3&#8243; column_width_percent=\u00bb100&#8243; shift_y=\u00bb0&#8243; z_index=\u00bb0&#8243; uncode_shortcode_id=\u00bb187137&#8243; row_name=\u00bbPrincipales Caracteristicas\u00bb el_id=\u00bbSHPrincipalesCaracteristicas\u00bb overlay_color_type=\u00bbuncode-palette\u00bb][vc_column column_width_percent=\u00bb100&#8243; position_vertical=\u00bbbottom\u00bb gutter_size=\u00bb3&#8243; style=\u00bbdark\u00bb overlay_alpha=\u00bb50&#8243; shift_x=\u00bb0&#8243; shift_y=\u00bb0&#8243; shift_y_down=\u00bb0&#8243; z_index=\u00bb0&#8243; medium_width=\u00bb0&#8243; mobile_width=\u00bb0&#8243; width=\u00bb1\/1&#8243; uncode_shortcode_id=\u00bb372941&#8243;][\/vc_column][\/vc_row][vc_row row_height_percent=\u00bb0&#8243; override_padding=\u00bbyes\u00bb h_padding=\u00bb2&#8243; top_padding=\u00bb2&#8243; bottom_padding=\u00bb2&#8243; back_color=\u00bbcolor-121257&#8243; overlay_color=\u00bbcolor-xsdn\u00bb overlay_alpha=\u00bb65&#8243; gutter_size=\u00bb3&#8243; column_width_percent=\u00bb100&#8243; shift_y=\u00bb0&#8243; z_index=\u00bb0&#8243; uncode_shortcode_id=\u00bb173002&#8243; row_name=\u00bbPrincipales Caracteristicas\u00bb el_id=\u00bbSHPrincipalesCaracteristicas\u00bb back_color_type=\u00bbuncode-palette\u00bb overlay_color_type=\u00bbuncode-palette\u00bb][vc_column width=\u00bb1\/1&#8243;][vc_empty_space empty_h=\u00bb0&#8243;][vc_column_text text_lead=\u00bbyes\u00bb text_color=\u00bbcolor-nhtu\u00bb uncode_shortcode_id=\u00bb163420&#8243; text_color_type=\u00bbuncode-palette\u00bb]El gestor de software de BRIO es una herramienta \u00fatil para cualquier organizaci\u00f3n que necesite mantener un registro de las tareas de limpieza para garantizar un ambiente limpio y seguro.<\/p>\n<p>Con la Gesti\u00f3n de Limpieza de BRIO, las empresas pueden mejorar la eficiencia de los procesos de limpieza y desinfecci\u00f3n, reducir los costos de limpieza, y garantizar que sus instalaciones est\u00e9n limpias y seguras para sus trabajadores y clientes.[\/vc_column_text][vc_empty_space empty_h=\u00bb1&#8243;][\/vc_column][\/vc_row][vc_row row_height_percent=\u00bb0&#8243; override_padding=\u00bbyes\u00bb h_padding=\u00bb2&#8243; top_padding=\u00bb2&#8243; bottom_padding=\u00bb2&#8243; overlay_alpha=\u00bb50&#8243; gutter_size=\u00bb3&#8243; column_width_percent=\u00bb100&#8243; shift_y=\u00bb0&#8243; z_index=\u00bb0&#8243; enable_bottom_divider=\u00bbdefault\u00bb bottom_divider_inv=\u00bbtriangle\u00bb shape_bottom_invert=\u00bbyes\u00bb shape_bottom_flip=\u00bbyes\u00bb shape_bottom_h_use_pixel=\u00bb\u00bb shape_bottom_height=\u00bb30&#8243; shape_bottom_color=\u00bbcolor-lxmt\u00bb shape_bottom_opacity=\u00bb100&#8243; shape_bottom_safe=\u00bbyes\u00bb shape_bottom_index=\u00bb0&#8243; shape_bottom_responsive=\u00bbyes\u00bb uncode_shortcode_id=\u00bb171400&#8243; row_name=\u00bbPrincipales Caracteristicas\u00bb el_id=\u00bbSHPrincipalesCaracteristicas\u00bb shape_bottom_color_type=\u00bbuncode-palette\u00bb][vc_column width=\u00bb1\/1&#8243;][vc_empty_space empty_h=\u00bb2&#8243;][vc_custom_heading uncode_shortcode_id=\u00bb160761&#8243;]Principales Caracter\u00edsticas[\/vc_custom_heading][vc_empty_space empty_h=\u00bb2&#8243;][vc_row_inner row_inner_height_percent=\u00bb0&#8243; overlay_alpha=\u00bb50&#8243; equal_height=\u00bbyes\u00bb gutter_size=\u00bb4&#8243; shift_y=\u00bb0&#8243; limit_content=\u00bb\u00bb][vc_column_inner column_width_percent=\u00bb100&#8243; align_horizontal=\u00bbalign_center\u00bb gutter_size=\u00bb3&#8243; overlay_alpha=\u00bb50&#8243; shift_x=\u00bb0&#8243; shift_y=\u00bb0&#8243; shift_y_down=\u00bb0&#8243; z_index=\u00bb0&#8243; medium_width=\u00bb2&#8243; mobile_width=\u00bb0&#8243; width=\u00bb1\/3&#8243;][vc_icon icon_image=\u00bb111323&#8243; icon_color=\u00bbcolor-121257&#8243; media_size=\u00bb56&#8243; text_size=\u00bbh5&#8243; text_weight=\u00bb500&#8243; linked_title=\u00bbyes\u00bb align=\u00bbleft\u00bb title=\u00bbREGISTROS DE LIMPIEZA\u00bb link=\u00bburl:%23registros-de-limpieza\u00bb uncode_shortcode_id=\u00bb199666&#8243; icon_color_type=\u00bbuncode-palette\u00bb][\/vc_icon][\/vc_column_inner][vc_column_inner column_width_percent=\u00bb100&#8243; align_horizontal=\u00bbalign_center\u00bb gutter_size=\u00bb3&#8243; overlay_alpha=\u00bb50&#8243; shift_x=\u00bb0&#8243; shift_y=\u00bb0&#8243; shift_y_down=\u00bb0&#8243; z_index=\u00bb0&#8243; medium_width=\u00bb2&#8243; mobile_width=\u00bb0&#8243; width=\u00bb1\/3&#8243;][vc_icon icon=\u00bbfa fa-puzzle\u00bb icon_image=\u00bb111325&#8243; icon_color=\u00bbcolor-121257&#8243; media_size=\u00bb55&#8243; text_size=\u00bbh5&#8243; text_weight=\u00bb500&#8243; linked_title=\u00bbyes\u00bb align=\u00bbleft\u00bb title=\u00bbPERSONALIZACI\u00d3N DE LISTADO DE TRABAJOS Y DETALLE DE TRABAJO\u00bb link=\u00bburl:%23personalizacion-de-listado-de-trabajos-y-detalle-de-trabajo\u00bb uncode_shortcode_id=\u00bb118912&#8243; icon_color_type=\u00bbuncode-palette\u00bb][\/vc_icon][\/vc_column_inner][vc_column_inner column_width_percent=\u00bb100&#8243; align_horizontal=\u00bbalign_center\u00bb gutter_size=\u00bb3&#8243; overlay_alpha=\u00bb50&#8243; shift_x=\u00bb0&#8243; shift_y=\u00bb0&#8243; shift_y_down=\u00bb0&#8243; z_index=\u00bb0&#8243; medium_width=\u00bb2&#8243; mobile_width=\u00bb0&#8243; width=\u00bb1\/3&#8243;][vc_icon icon_image=\u00bb110954&#8243; icon_color=\u00bbcolor-121257&#8243; media_size=\u00bb70&#8243; text_size=\u00bbh5&#8243; text_weight=\u00bb500&#8243; linked_title=\u00bbyes\u00bb align=\u00bbleft\u00bb title=\u00bbGESTI\u00d3N DE DOCUMENTOS\u00bb link=\u00bburl:%23gestion-de-documentos\u00bb uncode_shortcode_id=\u00bb159851&#8243; icon_color_type=\u00bbuncode-palette\u00bb][\/vc_icon][\/vc_column_inner][\/vc_row_inner][\/vc_column][\/vc_row][vc_row row_height_percent=\u00bb0&#8243; overlay_alpha=\u00bb50&#8243; gutter_size=\u00bb3&#8243; column_width_percent=\u00bb100&#8243; shift_y=\u00bb0&#8243; z_index=\u00bb0&#8243; uncode_shortcode_id=\u00bb139602&#8243; row_name=\u00bbRegistros de limpieza\u00bb el_id=\u00bbSHEmergencias\u00bb el_class=\u00bbmodulos1columna\u00bb][vc_column width=\u00bb1\/1&#8243;][vc_custom_heading uncode_shortcode_id=\u00bb291110&#8243;]Registros de limpieza[\/vc_custom_heading][vc_column_text uncode_shortcode_id=\u00bb345548&#8243;]BRIO es la herramienta ideal para registrar y gestionar la limpieza de sus instalaciones. Este software permite a los usuarios crear y mantener un registro de todas las tareas de limpieza realizadas, incluyendo la fecha, hora, lugar y detalles espec\u00edficos de la limpieza. El software puede incluir caracter\u00edsticas como recordatorios de tareas programadas, seguimiento de la asignaci\u00f3n de tareas a diferentes miembros del equipo, informes y an\u00e1lisis de datos para ayudar a los gerentes a evaluar el desempe\u00f1o de los equipos de limpieza.[\/vc_column_text][uncode_list icon=\u00bbfa fa-caret-right\u00bb uncode_shortcode_id=\u00bb956414&#8243;]<\/p>\n<ul>\n<li>Checklist<\/li>\n<li>Comentarios y carga de im\u00e1genes<\/li>\n<li>Control<\/li>\n<li>Autorizaciones\/Conformidades<\/li>\n<li>Creaci\u00f3n de registros mediante scaneo de QR<\/li>\n<\/ul>\n<p>[\/uncode_list][vc_button button_color=\u00bbcolor-121257&#8243; size=\u00bbbtn-sm\u00bb custom_typo=\u00bbyes\u00bb font_family=\u00bbfont-377884&#8243; font_weight=\u00bb400&#8243; text_transform=\u00bbuppercase\u00bb letter_spacing=\u00bbfontspace-210350&#8243; border_width=\u00bb0&#8243; link=\u00bburl:https%3A%2F%2Flmyv.site%2Fmas%2Fbrio%2Fsolicitar-demo%2F|title:Solicitar%20Demo\u00bb button_color_type=\u00bbuncode-palette\u00bb uncode_shortcode_id=\u00bb500048&#8243; icon=\u00bbfa fa-play\u00bb el_class=\u00bbbtn_solicitar\u00bb]Solicitar demo[\/vc_button][\/vc_column][\/vc_row][vc_row row_height_percent=\u00bb0&#8243; overlay_alpha=\u00bb50&#8243; gutter_size=\u00bb3&#8243; column_width_percent=\u00bb100&#8243; shift_y=\u00bb0&#8243; z_index=\u00bb0&#8243; uncode_shortcode_id=\u00bb238001&#8243; row_name=\u00bbPersonalizacion de listado de trabajos y detalle de trabajo\u00bb el_id=\u00bbSHEntregadeEPPs\u00bb el_class=\u00bbmodulos1columna\u00bb][vc_column width=\u00bb1\/1&#8243;][vc_custom_heading uncode_shortcode_id=\u00bb599730&#8243;]Personalizaci\u00f3n de listado de trabajos y detalle de trabajo[\/vc_custom_heading][vc_column_text uncode_shortcode_id=\u00bb484309&#8243;]A trav\u00e9s de la plataforma BRIO podr\u00e1 ver de forma personalizada los trabajos en listados, o en el plano de planta para saber en que ubicaci\u00f3n se est\u00e1 realizando cada trabajo.[\/vc_column_text][uncode_list icon=\u00bbfa fa-caret-right\u00bb uncode_shortcode_id=\u00bb189932&#8243;]<\/p>\n<ul>\n<li>Tarjetas listado de trabajos<\/li>\n<li>Plano de planta<\/li>\n<li>Detalle de trabajo<\/li>\n<\/ul>\n<p>[\/uncode_list][vc_button button_color=\u00bbcolor-121257&#8243; size=\u00bbbtn-sm\u00bb custom_typo=\u00bbyes\u00bb font_family=\u00bbfont-377884&#8243; font_weight=\u00bb400&#8243; text_transform=\u00bbuppercase\u00bb letter_spacing=\u00bbfontspace-210350&#8243; border_width=\u00bb0&#8243; link=\u00bburl:https%3A%2F%2Flmyv.site%2Fmas%2Fbrio%2Fsolicitar-demo%2F|title:Solicitar%20Demo\u00bb button_color_type=\u00bbuncode-palette\u00bb uncode_shortcode_id=\u00bb148925&#8243; icon=\u00bbfa fa-play\u00bb el_class=\u00bbbtn_solicitar\u00bb]Solicitar demo[\/vc_button][\/vc_column][\/vc_row][vc_row row_height_percent=\u00bb0&#8243; overlay_alpha=\u00bb50&#8243; equal_height=\u00bbyes\u00bb gutter_size=\u00bb3&#8243; column_width_percent=\u00bb100&#8243; shift_y=\u00bb0&#8243; z_index=\u00bb0&#8243; uncode_shortcode_id=\u00bb157628&#8243; row_name=\u00bbGestion de documentos\u00bb el_id=\u00bbSHpermisosdetrabajo\u00bb el_class=\u00bbmodulos1columna\u00bb][vc_column width=\u00bb2\/3&#8243;][vc_custom_heading uncode_shortcode_id=\u00bb130695&#8243;]Gesti\u00f3n de documentos[\/vc_custom_heading][uncode_list icon=\u00bbfa fa-caret-right\u00bb uncode_shortcode_id=\u00bb174214&#8243;]<\/p>\n<ul>\n<li>Gesti\u00f3n de documentos: listado, creaci\u00f3n, eliminaci\u00f3n<\/li>\n<li>Gesti\u00f3n de revisiones<\/li>\n<li>Flujo de aprobaci\u00f3n de documentos<\/li>\n<li>Niveles de acceso<\/li>\n<li>Gesti\u00f3n de validez<\/li>\n<li>Distribuci\u00f3n de la informaci\u00f3n<\/li>\n<li>Notificaciones\/alertas<\/li>\n<\/ul>\n<p>[\/uncode_list][vc_button button_color=\u00bbcolor-121257&#8243; size=\u00bbbtn-sm\u00bb custom_typo=\u00bbyes\u00bb font_family=\u00bbfont-377884&#8243; font_weight=\u00bb400&#8243; text_transform=\u00bbuppercase\u00bb letter_spacing=\u00bbfontspace-210350&#8243; border_width=\u00bb0&#8243; link=\u00bburl:https%3A%2F%2Flmyv.site%2Fmas%2Fbrio%2Fsolicitar-demo%2F|title:Solicitar%20Demo\u00bb button_color_type=\u00bbuncode-palette\u00bb uncode_shortcode_id=\u00bb813691&#8243; icon=\u00bbfa fa-play\u00bb el_class=\u00bbbtn_solicitar\u00bb]Solicitar demo[\/vc_button][\/vc_column][vc_column column_width_percent=\u00bb100&#8243; position_vertical=\u00bbmiddle\u00bb gutter_size=\u00bb3&#8243; overlay_alpha=\u00bb50&#8243; shift_x=\u00bb0&#8243; shift_y=\u00bb0&#8243; shift_y_down=\u00bb0&#8243; z_index=\u00bb0&#8243; medium_width=\u00bb0&#8243; mobile_width=\u00bb0&#8243; width=\u00bb1\/3&#8243; uncode_shortcode_id=\u00bb124755&#8243;][\/vc_column][\/vc_row][vc_row][vc_column width=\u00bb1\/1&#8243;][\/vc_column][\/vc_row][vc_row row_height_percent=\u00bb49&#8243; override_padding=\u00bbyes\u00bb h_padding=\u00bb2&#8243; top_padding=\u00bb5&#8243; bottom_padding=\u00bb5&#8243; back_color=\u00bbcolor-121257&#8243; overlay_alpha=\u00bb50&#8243; gutter_size=\u00bb100&#8243; column_width_percent=\u00bb100&#8243; shift_y=\u00bb0&#8243; z_index=\u00bb0&#8243; style=\u00bbinherited\u00bb uncode_shortcode_id=\u00bb993773&#8243; back_color_type=\u00bbuncode-palette\u00bb][vc_column column_width_use_pixel=\u00bbyes\u00bb position_vertical=\u00bbmiddle\u00bb align_horizontal=\u00bbalign_center\u00bb gutter_size=\u00bb2&#8243; style=\u00bbdark\u00bb overlay_alpha=\u00bb100&#8243; shift_x=\u00bb0&#8243; shift_y=\u00bb0&#8243; shift_y_down=\u00bb0&#8243; z_index=\u00bb0&#8243; medium_width=\u00bb0&#8243; mobile_width=\u00bb0&#8243; zoom_width=\u00bb0&#8243; zoom_height=\u00bb0&#8243; width=\u00bb1\/1&#8243; column_width_pixel=\u00bb900&#8243;][vc_custom_heading heading_semantic=\u00bbh6&#8243; text_size=\u00bbfontsize-160000&#8243; text_transform=\u00bbuppercase\u00bb text_space=\u00bbfontspace-135905&#8243; uncode_shortcode_id=\u00bb700486&#8243;]\u00bfTodav\u00eda dudas?[\/vc_custom_heading][vc_custom_heading heading_semantic=\u00bbh3&#8243; text_size=\u00bbh3&#8243; text_height=\u00bbfontheight-357766&#8243; sub_lead=\u00bbyes\u00bb uncode_shortcode_id=\u00bb143277&#8243;]Mejora la eficiencia, reduce los costos, y asegurar el cumplimiento de las regulaciones de seguridad laboral.<br \/>\nProlonga la vida \u00fatil de sus equipos cr\u00edticos y<br \/>\ngarantiza que sus instalaciones est\u00e9n limpias y seguras<br \/>\npara sus trabajadores y clientes.<br \/>\nTodo ello mientras se asegura de cumplir con los est\u00e1ndares de calidad requeridos en su industria.[\/vc_custom_heading][vc_empty_space empty_h=\u00bb2&#8243;][vc_row_inner limit_content=\u00bb\u00bb][vc_column_inner column_width_use_pixel=\u00bbyes\u00bb align_horizontal=\u00bbalign_center\u00bb gutter_size=\u00bb3&#8243; style=\u00bblight\u00bb overlay_alpha=\u00bb50&#8243; shift_x=\u00bb0&#8243; shift_y=\u00bb0&#8243; shift_y_down=\u00bb0&#8243; z_index=\u00bb0&#8243; medium_width=\u00bb0&#8243; mobile_width=\u00bb0&#8243; width=\u00bb1\/1&#8243; column_width_pixel=\u00bb500&#8243;][vc_button button_color=\u00bbcolor-wayh\u00bb size=\u00bbbtn-xl\u00bb radius=\u00bbbtn-round\u00bb border_animation=\u00bbbtn-ripple-out\u00bb border_width=\u00bb0&#8243; button_color_type=\u00bbuncode-palette\u00bb uncode_shortcode_id=\u00bb187156&#8243; width=\u00bb300&#8243; link=\u00bburl:https%3A%2F%2Flmyv.site%2Fmas%2Fbrio%2Fsolicitar-demo%2F|title:Solicitar%20Demo\u00bb]QUIERO LA DEMO[\/vc_button][\/vc_column_inner][\/vc_row_inner][\/vc_column][\/vc_row]<\/p>\n","protected":false},"excerpt":{"rendered":"<p>[vc_row row_height_percent=\u00bb0&#8243; back_color=\u00bbcolor-121257&#8243; overlay_alpha=\u00bb0&#8243; gutter_size=\u00bb3&#8243; column_width_percent=\u00bb100&#8243; shift_y=\u00bb0&#8243; z_index=\u00bb0&#8243; uncode_shortcode_id=\u00bb236342&#8243; row_name=\u00bbPrincipales Caracteristicas\u00bb el_id=\u00bbSHPrincipalesCaracteristicas\u00bb back_color_type=\u00bbuncode-palette\u00bb][vc_column column_width_percent=\u00bb100&#8243; gutter_size=\u00bb3&#8243; style=\u00bbdark\u00bb overlay_alpha=\u00bb50&#8243; shift_x=\u00bb0&#8243; shift_y=\u00bb0&#8243; shift_y_down=\u00bb0&#8243; [&hellip;]<\/p>\n","protected":false},"author":1,"featured_media":0,"parent":0,"menu_order":0,"comment_status":"closed","ping_status":"closed","template":"","meta":{"footnotes":""},"class_list":["post-111308","page","type-page","status-publish","hentry"],"_links":{"self":[{"href":"https:\/\/lmyv.site\/mas\/brio\/wp-json\/wp\/v2\/pages\/111308","targetHints":{"allow":["GET"]}}],"collection":[{"href":"https:\/\/lmyv.site\/mas\/brio\/wp-json\/wp\/v2\/pages"}],"about":[{"href":"https:\/\/lmyv.site\/mas\/brio\/wp-json\/wp\/v2\/types\/page"}],"author":[{"embeddable":true,"href":"https:\/\/lmyv.site\/mas\/brio\/wp-json\/wp\/v2\/users\/1"}],"replies":[{"embeddable":true,"href":"https:\/\/lmyv.site\/mas\/brio\/wp-json\/wp\/v2\/comments?post=111308"}],"version-history":[{"count":0,"href":"https:\/\/lmyv.site\/mas\/brio\/wp-json\/wp\/v2\/pages\/111308\/revisions"}],"wp:attachment":[{"href":"https:\/\/lmyv.site\/mas\/brio\/wp-json\/wp\/v2\/media?parent=111308"}],"curies":[{"name":"wp","href":"https:\/\/api.w.org\/{rel}","templated":true}]}}