{"id":111233,"date":"2022-10-27T17:28:30","date_gmt":"2022-10-27T17:28:30","guid":{"rendered":"https:\/\/lmyv.site\/mas\/brio\/?page_id=111233"},"modified":"2023-07-16T17:30:02","modified_gmt":"2023-07-16T17:30:02","slug":"quienes-somos","status":"publish","type":"page","link":"https:\/\/lmyv.site\/mas\/brio\/es\/quienes-somos\/","title":{"rendered":"Qui\u00e9nes somos"},"content":{"rendered":"<p>[vc_row row_height_percent=\u00bb0&#8243; back_color=\u00bbcolor-xsdn\u00bb overlay_alpha=\u00bb0&#8243; gutter_size=\u00bb3&#8243; column_width_percent=\u00bb100&#8243; shift_y=\u00bb0&#8243; z_index=\u00bb0&#8243; uncode_shortcode_id=\u00bb138137&#8243; row_name=\u00bbPrincipales Caracteristicas\u00bb el_id=\u00bbSHPrincipalesCaracteristicas\u00bb back_color_type=\u00bbuncode-palette\u00bb][vc_column column_width_percent=\u00bb100&#8243; gutter_size=\u00bb3&#8243; style=\u00bblight\u00bb overlay_alpha=\u00bb50&#8243; shift_x=\u00bb0&#8243; shift_y=\u00bb0&#8243; shift_y_down=\u00bb0&#8243; z_index=\u00bb0&#8243; medium_width=\u00bb0&#8243; mobile_width=\u00bb0&#8243; width=\u00bb1\/1&#8243; uncode_shortcode_id=\u00bb136539&#8243;][uncode_breadcrumbs][vc_custom_heading auto_text=\u00bbyes\u00bb text_size=\u00bbfontsize-338686&#8243; uncode_shortcode_id=\u00bb183513&#8243; subheading=\u00bbHSE Software\u00bb]This is a custom heading element.[\/vc_custom_heading][vc_empty_space empty_h=\u00bb2&#8243;][\/vc_column][\/vc_row][vc_row row_height_percent=\u00bb0&#8243; override_padding=\u00bbyes\u00bb h_padding=\u00bb2&#8243; top_padding=\u00bb4&#8243; bottom_padding=\u00bb4&#8243; overlay_alpha=\u00bb50&#8243; gutter_size=\u00bb3&#8243; column_width_percent=\u00bb100&#8243; shift_y=\u00bb0&#8243; z_index=\u00bb0&#8243; uncode_shortcode_id=\u00bb301256&#8243;][vc_column width=\u00bb1\/1&#8243;][vc_column_text text_lead=\u00bbyes\u00bb uncode_shortcode_id=\u00bb190064&#8243;]BRIO es una plataforma que, de forma <strong>flexible<\/strong>, digitaliza los procesos de tu organizaci\u00f3n impulsando la <strong>colaboraci\u00f3n<\/strong> de sus equipos.<br \/>\nHace que los datos fluyan instant\u00e1neamente desde las operaciones a los l\u00edderes alrededor de su organizaci\u00f3n, para tomar decisiones basadas en datos. Facilitamos la <strong>conectividad<\/strong> con sus soluciones existentes. Llenamos la brecha entre su ERP existente, otras soluciones y sus requisitos operativos, haciendo que el proceso sea transparente.<br \/>\nAyudamos a la transformaci\u00f3n digital y la operaci\u00f3n <strong>sin papel<\/strong>.<br \/>\nTenemos desarrollados m\u00f3dulos espec\u00edficos para las \u00e1reas: Calidad, Mantenimiento, Limpieza y Seguridad e Higiene.[\/vc_column_text][\/vc_column][\/vc_row][vc_row unlock_row_content=\u00bbyes\u00bb row_height_percent=\u00bb0&#8243; override_padding=\u00bbyes\u00bb h_padding=\u00bb5&#8243; top_padding=\u00bb5&#8243; bottom_padding=\u00bb5&#8243; back_color=\u00bbaccent\u00bb overlay_color=\u00bbcolor-xsdn\u00bb overlay_alpha=\u00bb50&#8243; gutter_size=\u00bb3&#8243; column_width_percent=\u00bb100&#8243; shift_y=\u00bb0&#8243; z_index=\u00bb0&#8243; uncode_shortcode_id=\u00bb137835&#8243; back_color_type=\u00bbuncode-palette\u00bb overlay_color_type=\u00bbuncode-palette\u00bb][vc_column column_width_percent=\u00bb100&#8243; gutter_size=\u00bb4&#8243; style=\u00bbdark\u00bb overlay_alpha=\u00bb50&#8243; shift_x=\u00bb0&#8243; shift_y=\u00bb0&#8243; shift_y_down=\u00bb0&#8243; z_index=\u00bb0&#8243; medium_width=\u00bb0&#8243; mobile_width=\u00bb0&#8243; css_animation=\u00bbalpha-anim\u00bb animation_speed=\u00bb1000&#8243; width=\u00bb1\/1&#8243; uncode_shortcode_id=\u00bb992430&#8243;][vc_row_inner row_inner_height_percent=\u00bb0&#8243; overlay_alpha=\u00bb50&#8243; gutter_size=\u00bb4&#8243; shift_y=\u00bb0&#8243; z_index=\u00bb0&#8243; limit_content=\u00bb\u00bb][vc_column_inner column_width_percent=\u00bb100&#8243; position_vertical=\u00bbmiddle\u00bb gutter_size=\u00bb3&#8243; style=\u00bbdark\u00bb overlay_alpha=\u00bb50&#8243; shift_x=\u00bb0&#8243; shift_y=\u00bb0&#8243; shift_y_down=\u00bb0&#8243; z_index=\u00bb0&#8243; medium_width=\u00bb4&#8243; align_mobile=\u00bbalign_center_mobile\u00bb mobile_width=\u00bb0&#8243; width=\u00bb2\/3&#8243; uncode_shortcode_id=\u00bb107639&#8243;][vc_custom_heading heading_semantic=\u00bbh4&#8243; text_weight=\u00bb300&#8243; uncode_shortcode_id=\u00bb116418&#8243;]Nuestros m\u00f3dulos[\/vc_custom_heading][\/vc_column_inner][vc_column_inner column_width_percent=\u00bb100&#8243; position_vertical=\u00bbmiddle\u00bb align_horizontal=\u00bbalign_right\u00bb gutter_size=\u00bb3&#8243; style=\u00bbdark\u00bb overlay_alpha=\u00bb50&#8243; shift_x=\u00bb0&#8243; shift_y=\u00bb0&#8243; shift_y_down=\u00bb0&#8243; z_index=\u00bb0&#8243; medium_width=\u00bb4&#8243; align_mobile=\u00bbalign_center_mobile\u00bb mobile_width=\u00bb0&#8243; width=\u00bb1\/3&#8243; uncode_shortcode_id=\u00bb495450&#8243;][\/vc_column_inner][\/vc_row_inner][vc_gallery el_id=\u00bbgallery-114730-959&#8243; type=\u00bbcarousel\u00bb medias=\u00bb110724,110726,110727,110725&#8243; carousel_lg=\u00bb4&#8243; carousel_md=\u00bb2&#8243; carousel_sm=\u00bb1&#8243; thumb_size=\u00bbfour-three\u00bb gutter_size=\u00bb2&#8243; media_items=\u00bbmedia|custom_link|original,icon\u00bb carousel_interval=\u00bb0&#8243; carousel_navspeed=\u00bb400&#8243; carousel_overflow=\u00bbyes\u00bb carousel_dots=\u00bbyes\u00bb carousel_dots_space=\u00bbyes\u00bb carousel_dots_mobile=\u00bbyes\u00bb carousel_dot_position=\u00bbleft\u00bb stage_padding=\u00bb0&#8243; single_overlay_opacity=\u00bb50&#8243; single_overlay_anim=\u00bbno\u00bb single_text_anim=\u00bbno\u00bb single_image_anim=\u00bbno\u00bb single_padding=\u00bb2&#8243; single_shadow=\u00bbyes\u00bb shadow_weight=\u00bblg\u00bb shadow_darker=\u00bbyes\u00bb single_border=\u00bbyes\u00bb single_css_animation=\u00bbright-t-left\u00bb single_animation_speed=\u00bb1000&#8243; single_animation_delay=\u00bb200&#8243; uncode_shortcode_id=\u00bb637276&#8243;][\/vc_column][\/vc_row][vc_row row_height_percent=\u00bb0&#8243; override_padding=\u00bbyes\u00bb h_padding=\u00bb2&#8243; top_padding=\u00bb5&#8243; bottom_padding=\u00bb5&#8243; back_color=\u00bbcolor-nhtu\u00bb overlay_alpha=\u00bb50&#8243; gutter_size=\u00bb3&#8243; column_width_percent=\u00bb100&#8243; shift_y=\u00bb0&#8243; z_index=\u00bb0&#8243; uncode_shortcode_id=\u00bb526832&#8243; back_color_type=\u00bbuncode-palette\u00bb][vc_column column_width_percent=\u00bb100&#8243; position_vertical=\u00bbmiddle\u00bb gutter_size=\u00bb3&#8243; style=\u00bbdark\u00bb overlay_alpha=\u00bb50&#8243; shift_x=\u00bb0&#8243; shift_y=\u00bb0&#8243; shift_y_down=\u00bb0&#8243; z_index=\u00bb0&#8243; align_medium=\u00bbalign_center_tablet\u00bb medium_width=\u00bb0&#8243; align_mobile=\u00bbalign_center_mobile\u00bb mobile_width=\u00bb0&#8243; width=\u00bb1\/2&#8243;][vc_custom_heading heading_semantic=\u00bbh3&#8243; uncode_shortcode_id=\u00bb811892&#8243;]Suscribite a nuestro newsletter[\/vc_custom_heading][\/vc_column][vc_column column_width_percent=\u00bb100&#8243; position_vertical=\u00bbmiddle\u00bb align_horizontal=\u00bbalign_right\u00bb gutter_size=\u00bb3&#8243; overlay_alpha=\u00bb50&#8243; shift_x=\u00bb0&#8243; shift_y=\u00bb0&#8243; shift_y_down=\u00bb0&#8243; z_index=\u00bb0&#8243; align_medium=\u00bbalign_center_tablet\u00bb medium_width=\u00bb0&#8243; align_mobile=\u00bbalign_center_mobile\u00bb mobile_width=\u00bb0&#8243; width=\u00bb1\/2&#8243;]\n<div class=\"wpcf7 no-js\" id=\"wpcf7-f22-o1\" lang=\"en-US\" dir=\"ltr\">\n<div class=\"screen-reader-response\"><p role=\"status\" aria-live=\"polite\" aria-atomic=\"true\"><\/p> <ul><\/ul><\/div>\n<form action=\"\/mas\/brio\/wp-json\/wp\/v2\/pages\/111233#wpcf7-f22-o1\" method=\"post\" class=\"wpcf7-form init\" aria-label=\"Contact form\" novalidate=\"novalidate\" data-status=\"init\">\n<div style=\"display: none;\">\n<input type=\"hidden\" name=\"_wpcf7\" value=\"22\" \/>\n<input type=\"hidden\" name=\"_wpcf7_version\" value=\"5.7.7\" \/>\n<input type=\"hidden\" name=\"_wpcf7_locale\" value=\"en_US\" \/>\n<input type=\"hidden\" name=\"_wpcf7_unit_tag\" value=\"wpcf7-f22-o1\" \/>\n<input type=\"hidden\" name=\"_wpcf7_container_post\" value=\"0\" \/>\n<input type=\"hidden\" name=\"_wpcf7_posted_data_hash\" value=\"\" \/>\n<\/div>\n<div class=\"wpcf7-inline-wrapper wpcf7-input-group wpcf7-inset-btn\">\n\t<p class=\"wpcf7-inline-field wpcf7-inline-field-text\"><span class=\"wpcf7-form-control-wrap\" data-name=\"your-email\"><input size=\"40\" class=\"wpcf7-form-control wpcf7-text wpcf7-email wpcf7-validates-as-required wpcf7-validates-as-email inset-input\" aria-required=\"true\" aria-invalid=\"false\" placeholder=\"Email\" value=\"\" type=\"email\" name=\"your-email\" \/><\/span>\n\t<\/p>\n\t<p class=\"wpcf7-inline-field wpcf7-inline-field-btn\"><input class=\"wpcf7-form-control has-spinner wpcf7-submit btn-inset btn btn-default btn-flat\" type=\"submit\" value=\"Click the button\" \/>\n\t<\/p>\n<\/div><div class=\"wpcf7-response-output\" aria-hidden=\"true\"><\/div>\n<\/form>\n<\/div>\n[\/vc_column][\/vc_row][vc_row unlock_row_content=\u00bbyes\u00bb row_height_percent=\u00bb0&#8243; override_padding=\u00bbyes\u00bb h_padding=\u00bb0&#8243; top_padding=\u00bb0&#8243; bottom_padding=\u00bb0&#8243; back_color=\u00bbcolor-wayh\u00bb overlay_alpha=\u00bb50&#8243; gutter_size=\u00bb0&#8243; column_width_percent=\u00bb100&#8243; shift_y=\u00bb0&#8243; z_index=\u00bb0&#8243; uncode_shortcode_id=\u00bb391211&#8243; back_color_type=\u00bbuncode-palette\u00bb][vc_column column_width_percent=\u00bb100&#8243; align_horizontal=\u00bbalign_center\u00bb gutter_size=\u00bb3&#8243; overlay_alpha=\u00bb50&#8243; shift_x=\u00bb0&#8243; shift_y=\u00bb0&#8243; shift_y_down=\u00bb0&#8243; z_index=\u00bb0&#8243; medium_width=\u00bb0&#8243; mobile_width=\u00bb0&#8243; width=\u00bb1\/1&#8243;][vc_row_inner row_inner_height_percent=\u00bb0&#8243; overlay_alpha=\u00bb50&#8243; equal_height=\u00bbyes\u00bb gutter_size=\u00bb0&#8243; shift_y=\u00bb0&#8243; z_index=\u00bb0&#8243; limit_content=\u00bb\u00bb][vc_column_inner column_width_percent=\u00bb100&#8243; gutter_size=\u00bb2&#8243; override_padding=\u00bbyes\u00bb column_padding=\u00bb5&#8243; style=\u00bbdark\u00bb back_color=\u00bbcolor-210407&#8243; overlay_alpha=\u00bb50&#8243; shift_x=\u00bb0&#8243; shift_y=\u00bb0&#8243; shift_y_down=\u00bb0&#8243; z_index=\u00bb0&#8243; medium_width=\u00bb0&#8243; mobile_width=\u00bb0&#8243; css_animation=\u00bbalpha-anim\u00bb animation_speed=\u00bb1000&#8243; radius=\u00bbsm\u00bb width=\u00bb1\/4&#8243; uncode_shortcode_id=\u00bb729123&#8243; back_color_type=\u00bbuncode-palette\u00bb][vc_custom_heading text_size=\u00bbh1&#8243; text_weight=\u00bb500&#8243; text_height=\u00bbfontheight-357766&#8243; subheading=\u00bbTotal adaptabilidad y flexibilidad a sus operaciones, sus sistemas de informaci\u00f3n y su l\u00f3gica de negocio. Adaptaci\u00f3n a sus operaciones de trabajo y gesti\u00f3n del cambio. Comenzando desde las operaciones de campo y construyendo nuestra plataforma y m\u00e1s all\u00e1 de su sistema de registro.\u00bb uncode_shortcode_id=\u00bb573129&#8243;]Flexibilidad[\/vc_custom_heading][\/vc_column_inner][vc_column_inner column_width_percent=\u00bb100&#8243; gutter_size=\u00bb2&#8243; override_padding=\u00bbyes\u00bb column_padding=\u00bb5&#8243; style=\u00bbdark\u00bb back_color=\u00bbcolor-rgdb\u00bb overlay_color=\u00bbcolor-jevc\u00bb overlay_alpha=\u00bb5&#8243; shift_x=\u00bb0&#8243; shift_y=\u00bb0&#8243; shift_y_down=\u00bb0&#8243; z_index=\u00bb0&#8243; medium_width=\u00bb0&#8243; mobile_width=\u00bb0&#8243; css_animation=\u00bbalpha-anim\u00bb animation_speed=\u00bb1000&#8243; animation_delay=\u00bb200&#8243; radius=\u00bbsm\u00bb width=\u00bb1\/4&#8243; uncode_shortcode_id=\u00bb182091&#8243; overlay_color_type=\u00bbuncode-palette\u00bb back_color_type=\u00bbuncode-palette\u00bb][vc_custom_heading text_size=\u00bbh1&#8243; text_weight=\u00bb500&#8243; text_height=\u00bbfontheight-357766&#8243; subheading=\u00bbPodemos integrarnos con sus soluciones existentes siempre que sea posible. Llenamos la brecha entre su ERP existente u otras soluciones y sus requisitos operativos existentes, haciendo que el proceso sea transparente.\u00bb uncode_shortcode_id=\u00bb207838&#8243;]Conectividad[\/vc_custom_heading][\/vc_column_inner][vc_column_inner column_width_percent=\u00bb100&#8243; gutter_size=\u00bb2&#8243; override_padding=\u00bbyes\u00bb column_padding=\u00bb5&#8243; style=\u00bbdark\u00bb back_color=\u00bbcolor-prif\u00bb overlay_color=\u00bbcolor-jevc\u00bb overlay_alpha=\u00bb10&#8243; shift_x=\u00bb0&#8243; shift_y=\u00bb0&#8243; shift_y_down=\u00bb0&#8243; z_index=\u00bb0&#8243; medium_width=\u00bb0&#8243; mobile_width=\u00bb0&#8243; css_animation=\u00bbalpha-anim\u00bb animation_speed=\u00bb1000&#8243; animation_delay=\u00bb400&#8243; width=\u00bb1\/4&#8243; uncode_shortcode_id=\u00bb540705&#8243; overlay_color_type=\u00bbuncode-palette\u00bb back_color_type=\u00bbuncode-palette\u00bb][vc_custom_heading text_size=\u00bbh1&#8243; text_weight=\u00bb500&#8243; text_height=\u00bbfontheight-357766&#8243; subheading=\u00bbImpulse la colaboraci\u00f3n de su equipo. Dar su fuerza de trabajo las herramientas para superarse.<br \/>\nHaga que los datos fluyan instant\u00e1neamente desde las operaciones<br \/>\na la gerencia y alrededor de su organizaci\u00f3n para tomar decisiones basadas en datos.\u00bb uncode_shortcode_id=\u00bb161560&#8243; text_color_type=\u00bbuncode-palette\u00bb text_color_solid=\u00bb#ff0000&#8243;]Colaboraci\u00f3n[\/vc_custom_heading][\/vc_column_inner][vc_column_inner column_width_percent=\u00bb100&#8243; gutter_size=\u00bb2&#8243; override_padding=\u00bbyes\u00bb column_padding=\u00bb5&#8243; style=\u00bbdark\u00bb back_color=\u00bbcolor-105898&#8243; overlay_color=\u00bbcolor-jevc\u00bb overlay_alpha=\u00bb15&#8243; shift_x=\u00bb0&#8243; shift_y=\u00bb0&#8243; shift_y_down=\u00bb0&#8243; z_index=\u00bb0&#8243; medium_width=\u00bb0&#8243; mobile_width=\u00bb0&#8243; css_animation=\u00bbalpha-anim\u00bb animation_speed=\u00bb1000&#8243; animation_delay=\u00bb600&#8243; width=\u00bb1\/4&#8243; uncode_shortcode_id=\u00bb142992&#8243; overlay_color_type=\u00bbuncode-palette\u00bb back_color_type=\u00bbuncode-palette\u00bb][vc_custom_heading text_size=\u00bbh1&#8243; text_weight=\u00bb500&#8243; text_height=\u00bbfontheight-357766&#8243; subheading=\u00bbVu\u00e9lvase digital. Mantenga todos sus archivos digitales, rastreables, accesibles, transparentes.\u00bb uncode_shortcode_id=\u00bb556723&#8243;]Sin papel[\/vc_custom_heading][\/vc_column_inner][\/vc_row_inner][\/vc_column][\/vc_row][vc_row row_height_percent=\u00bb49&#8243; override_padding=\u00bbyes\u00bb h_padding=\u00bb2&#8243; top_padding=\u00bb5&#8243; bottom_padding=\u00bb5&#8243; back_color=\u00bbaccent\u00bb overlay_alpha=\u00bb50&#8243; gutter_size=\u00bb100&#8243; column_width_percent=\u00bb100&#8243; shift_y=\u00bb0&#8243; z_index=\u00bb0&#8243; style=\u00bbinherited\u00bb uncode_shortcode_id=\u00bb135200&#8243; back_color_type=\u00bbuncode-palette\u00bb][vc_column column_width_use_pixel=\u00bbyes\u00bb position_vertical=\u00bbmiddle\u00bb align_horizontal=\u00bbalign_center\u00bb gutter_size=\u00bb2&#8243; style=\u00bbdark\u00bb overlay_alpha=\u00bb100&#8243; shift_x=\u00bb0&#8243; shift_y=\u00bb0&#8243; shift_y_down=\u00bb0&#8243; z_index=\u00bb0&#8243; medium_width=\u00bb0&#8243; mobile_width=\u00bb0&#8243; zoom_width=\u00bb0&#8243; zoom_height=\u00bb0&#8243; width=\u00bb1\/1&#8243; column_width_pixel=\u00bb900&#8243;][vc_custom_heading heading_semantic=\u00bbh6&#8243; text_size=\u00bbfontsize-160000&#8243; text_transform=\u00bbuppercase\u00bb text_space=\u00bbfontspace-135905&#8243; uncode_shortcode_id=\u00bb700486&#8243;]\u00bfTodav\u00eda dudas?[\/vc_custom_heading][vc_custom_heading heading_semantic=\u00bbh3&#8243; text_size=\u00bbh3&#8243; text_height=\u00bbfontheight-357766&#8243; sub_lead=\u00bbyes\u00bb uncode_shortcode_id=\u00bb143277&#8243;]Mejora la eficiencia, reduce los costos, y asegurar el cumplimiento de las regulaciones de seguridad laboral.<br \/>\nProlonga la vida \u00fatil de sus equipos cr\u00edticos y<br \/>\ngarantiza que sus instalaciones est\u00e9n limpias y seguras<br \/>\npara sus trabajadores y clientes.<br \/>\nTodo ello mientras se asegura de cumplir con los est\u00e1ndares de calidad requeridos en su industria.[\/vc_custom_heading][vc_empty_space empty_h=\u00bb2&#8243;][vc_row_inner limit_content=\u00bb\u00bb][vc_column_inner column_width_use_pixel=\u00bbyes\u00bb align_horizontal=\u00bbalign_center\u00bb gutter_size=\u00bb3&#8243; style=\u00bblight\u00bb overlay_alpha=\u00bb50&#8243; shift_x=\u00bb0&#8243; shift_y=\u00bb0&#8243; shift_y_down=\u00bb0&#8243; z_index=\u00bb0&#8243; medium_width=\u00bb0&#8243; mobile_width=\u00bb0&#8243; width=\u00bb1\/1&#8243; column_width_pixel=\u00bb500&#8243;][vc_button button_color=\u00bbcolor-wayh\u00bb size=\u00bbbtn-xl\u00bb radius=\u00bbbtn-round\u00bb border_animation=\u00bbbtn-ripple-out\u00bb border_width=\u00bb0&#8243; button_color_type=\u00bbuncode-palette\u00bb uncode_shortcode_id=\u00bb159459&#8243; width=\u00bb300&#8243; link=\u00bburl:https%3A%2F%2Flmyv.site%2Fmas%2Fbrio%2Fsolicitar-demo%2F|title:Solicitar%20Demo\u00bb]QUIERO LA DEMO[\/vc_button][\/vc_column_inner][\/vc_row_inner][\/vc_column][\/vc_row]<\/p>\n","protected":false},"excerpt":{"rendered":"<p>[vc_row row_height_percent=\u00bb0&#8243; back_color=\u00bbcolor-xsdn\u00bb overlay_alpha=\u00bb0&#8243; gutter_size=\u00bb3&#8243; column_width_percent=\u00bb100&#8243; shift_y=\u00bb0&#8243; z_index=\u00bb0&#8243; uncode_shortcode_id=\u00bb138137&#8243; row_name=\u00bbPrincipales Caracteristicas\u00bb el_id=\u00bbSHPrincipalesCaracteristicas\u00bb back_color_type=\u00bbuncode-palette\u00bb][vc_column column_width_percent=\u00bb100&#8243; gutter_size=\u00bb3&#8243; style=\u00bblight\u00bb overlay_alpha=\u00bb50&#8243; shift_x=\u00bb0&#8243; shift_y=\u00bb0&#8243; shift_y_down=\u00bb0&#8243; [&hellip;]<\/p>\n","protected":false},"author":1,"featured_media":99674,"parent":0,"menu_order":0,"comment_status":"closed","ping_status":"closed","template":"","meta":{"footnotes":""},"class_list":["post-111233","page","type-page","status-publish","has-post-thumbnail","hentry"],"_links":{"self":[{"href":"https:\/\/lmyv.site\/mas\/brio\/wp-json\/wp\/v2\/pages\/111233","targetHints":{"allow":["GET"]}}],"collection":[{"href":"https:\/\/lmyv.site\/mas\/brio\/wp-json\/wp\/v2\/pages"}],"about":[{"href":"https:\/\/lmyv.site\/mas\/brio\/wp-json\/wp\/v2\/types\/page"}],"author":[{"embeddable":true,"href":"https:\/\/lmyv.site\/mas\/brio\/wp-json\/wp\/v2\/users\/1"}],"replies":[{"embeddable":true,"href":"https:\/\/lmyv.site\/mas\/brio\/wp-json\/wp\/v2\/comments?post=111233"}],"version-history":[{"count":0,"href":"https:\/\/lmyv.site\/mas\/brio\/wp-json\/wp\/v2\/pages\/111233\/revisions"}],"wp:featuredmedia":[{"embeddable":true,"href":"https:\/\/lmyv.site\/mas\/brio\/wp-json\/wp\/v2\/media\/99674"}],"wp:attachment":[{"href":"https:\/\/lmyv.site\/mas\/brio\/wp-json\/wp\/v2\/media?parent=111233"}],"curies":[{"name":"wp","href":"https:\/\/api.w.org\/{rel}","templated":true}]}}